{"id":10271,"date":"2023-04-26T11:32:59","date_gmt":"2023-04-26T09:32:59","guid":{"rendered":"https:\/\/www.viap.es\/?page_id=10271"},"modified":"2023-04-26T12:41:44","modified_gmt":"2023-04-26T10:41:44","slug":"avis-legal","status":"publish","type":"page","link":"https:\/\/www.viap.es\/ca\/avis-legal\/","title":{"rendered":"Av\u00eds legal"},"content":{"rendered":"\t\t<div data-elementor-type=\"wp-page\" data-elementor-id=\"10271\" class=\"elementor elementor-10271 elementor-10265\" data-elementor-post-type=\"page\">\n\t\t\t\t\t\t<section class=\"elementor-section elementor-top-section elementor-element elementor-element-2ac9682 elementor-section-boxed elementor-section-height-default elementor-section-height-default\" data-id=\"2ac9682\" data-element_type=\"section\" data-e-type=\"section\">\n\t\t\t\t\t\t<div class=\"elementor-container elementor-column-gap-default\">\n\t\t\t\t\t<div class=\"elementor-column elementor-col-100 elementor-top-column elementor-element elementor-element-b833317\" data-id=\"b833317\" data-element_type=\"column\" data-e-type=\"column\">\n\t\t\t<div class=\"elementor-widget-wrap elementor-element-populated\">\n\t\t\t\t\t\t<div class=\"elementor-element elementor-element-e2da213 elementor-widget elementor-widget-text-editor\" data-id=\"e2da213\" data-element_type=\"widget\" data-e-type=\"widget\" data-widget_type=\"text-editor.default\">\n\t\t\t\t<div class=\"elementor-widget-container\">\n\t\t\t\t\t\t\t\t\t<p><strong style=\"font-size: revert; color: var( --e-global-color-text );\">Titularitat de la web i les dades de contacte<\/strong><br><\/p>\n<p>www.viap.es \u00e9s un domini d&#8217;internet que t\u00e9 com a propietari VIAP BUSINESS TRAVEL, S.L. (en endavant, VIAP) amb CIF\/NIF B60653979 i domiciliada a CAPITAN ARENAS 38-40, PRINCIPAL 2\u00aa 08017 BARCELONA (BARCELONA). Registro Mercantil de BARCELONA T 27490, F53, S 8, H B 118411.<\/p>\n<p>La finalitat de la web \u00e9s gesti\u00f3 online de reserves y visualitzaci\u00f3 de promociones en viatges para empreses.<\/p>\n<p>Pot contactar amb el propietari d&#8217;aquesta web a:<\/p>\n<p>Telef\u00f2nicament, al n\u00famero + 34 93 409 34 40<br>Per correu electr\u00f2nic, dirigint-se a viap@viap.es<br>Per correu ordinari, dirigint-se a VIAP, CAPITAN ARENAS 38-40, PRINCIPAL 2\u00aa 08017 BARCELONA (BARCELONA)<br>Per qualsevol aclariment no dubti contactar amb VIAP.<\/p>\n<p><b>Condicions d&#8217;\u00fas de la web<\/b><\/p>\n<p>Les presents condicions d&#8217;\u00fas regulen l&#8217;acc\u00e9s a aquesta web per part dels clients de VIAP i altres usuaris d&#8217;Internet. Per navegar a aquesta web, l&#8217;usuari manifesta la seva acceptaci\u00f3 sense excepcions de les presents condicions d&#8217;\u00fas.<\/p>\n<p>VIAP es reserva el dret unilateral de modificar les presents condicions d&#8217;acc\u00e9s a la web, aix\u00ed com els continguts inclosos.<\/p>\n<p><b>Limitaci\u00f3 i exclusi\u00f3 de responsabilitat<\/b><\/p>\n<p>El contingut d&#8217;aquesta web \u00e9s de car\u00e0cter general i t\u00e9 una finalitat i efectes exclusivament informatius. VIAP no accepta responsabilitat sobre qualsevol informaci\u00f3 no elaborada per ella o publicada al seu nom sense la seva autoritzaci\u00f3, aix\u00ed com responsabilitat derivada de la mala utilitzaci\u00f3 per tercers dels continguts.<\/p>\n<p>L&#8217;usuari eximeix VIAP de qualsevol responsabilitat que pogu\u00e9s derivar-se de les interrupcions de disponibilitat de la p\u00e0gina web, ja sigui per mal funcionament del servidor web o de les aplicacions, de les infraestructures de comunicacions o del software i hardware utilitzats per a la navegaci\u00f3.<\/p>\n<p>En cas d&#8217;incloure enlla\u00e7os a d&#8217;altres p\u00e0gines web, VIAP declina qualsevol responsabilitat relacionada amb els accessos als mateixos.<\/p>\n<p><b>Propietat intel\u00b7lectual i industrial<\/b><\/p>\n<p>La totalitat d&#8217;aquesta web est\u00e0 protegida per les lleis de propietat Intel\u00b7lectual i Industrial. Tret que s&#8217;indiqui el contrari, els drets de propietat intel\u00b7lectual respecte dels continguts corresponen en exclusiva a VIAP. L&#8217;usuari reconeix que l&#8217;\u00fas dels continguts es limitar\u00e0 estrictament a finalitats particulars del propi usuari i que la reproducci\u00f3, distribuci\u00f3, comunicaci\u00f3 o transformaci\u00f3 no expressament autoritzada dels continguts mencionats constituiria una infracci\u00f3 dels drets de propietat intel\u00b7lectual.<\/p>\n<p>Aix\u00ed mateix, l&#8217;usuari s&#8217;abstindr\u00e0 d&#8217;aplicar els continguts i principalment la informaci\u00f3 de qualsevol tipus obtinguda mitjan\u00e7ant aquesta web per remetre publicitat o comunicacions amb finalitats de venda directa o de car\u00e0cter comercial; missatges no sol\u00b7licitats dirigits a una pluralitat de persones amb independ\u00e8ncia de la seva finalitat. Tamb\u00e9 s&#8217;abstindr\u00e0 de divulgar de qualsevol manera aquesta informaci\u00f3.<\/p>\n<p>www.viap.es \u00e9s un domini de VIAP. No pot ser utilitzat, tret autoritzaci\u00f3 pr\u00e8via i expressa, en connexi\u00f3 amb altres productes o serveis que no siguin propietat de VIAP de cap manera que pugui causar confusi\u00f3 entre els nostres clients o descr\u00e8dit de VIAP.<\/p>\n<p><b>Pol\u00edtica per a enlla\u00e7ar a aquesta web<\/b><\/p>\n<p>Si qualsevol usuari, entitat o p\u00e0gina web desitg\u00e9s establir algun tipus d&#8217;enlla\u00e7 amb destinaci\u00f3 a aquesta web haur\u00e0 de sol\u00b7licitar autoritzaci\u00f3 pr\u00e8via a la realitzaci\u00f3 de l&#8217;enlla\u00e7 i per escrit.<\/p>\n<p>A m\u00e9s, nom\u00e9s es permet enlla\u00e7ar a la p\u00e0gina d&#8217;inici de la web. L&#8217;enlla\u00e7 ha de ser en la seva totalitat i complet, \u00e9s a dir, ha de portar a l&#8217;usuari a la pr\u00f2pia adre\u00e7a de VIAP abarcant completament l&#8217;extensi\u00f3 de la pantalla de la p\u00e0gina que cont\u00e9 l&#8217;enlla\u00e7. En cap cas, excepte autoritzaci\u00f3 expressa i per escrit de VIAP, la p\u00e0gina que en realitzi l&#8217;enlla\u00e7 en cap moment podr\u00e0 reproduir la web VIAP, ni incloure-la com a part del seu web ni dins d&#8217;un dels seus marcs sobre qualsevol de les p\u00e0gines o continguts de la present web.<\/p>\n<p>No s&#8217;inclour\u00e0 cap manifestaci\u00f3 falsa, inexacta o incorrecta sobre les p\u00e0gines d&#8217;aquesta web o els serveis que en ella s&#8217;ofereixen.<\/p>\n<p>L&#8217;enlla\u00e7 no contindr\u00e0 cap marca, nom comercial, r\u00e8tol d&#8217;establiment, denominaci\u00f3, logotip, esl\u00f2gan o altres signes distintius pertanyents a VIAP.<\/p>\n<p>En cap circumst\u00e0ncia VIAP no ser\u00e0 responsable dels continguts o serveis posats a la disposici\u00f3 del p\u00fablic a la p\u00e0gina web des de la qual es realitzi l&#8217;enlla\u00e7 ni de les informacions o manifestacions incloses en les mateixes.<\/p>\n<p><b>Protecci\u00f3 de dades personals<\/b><\/p>\n<p>La utilitzaci\u00f3 d&#8217;aquesta web i dels seus formularis requereix l&#8217;acceptaci\u00f3 del tractament de les dades de l&#8217;usuari, essent responsable del tractament VIAP BUSINESS TRAVEL, S.L., per a finalitats que inclouen la provisi\u00f3 de la web, la recopilaci\u00f3 de dades d&#8217;acc\u00e9s i l&#8217;enviament d&#8217;informaci\u00f3 comercial per via electr\u00f2nica, en determinats casos.<\/p>\n<p>Llegeixi detingudament la pol\u00edtica de privacitat per a informaci\u00f3 addicional i detallada, incloent com utilitzem les dades dels usuaris i com exercir els drets d&#8217;acc\u00e9s, rectificaci\u00f3, supressi\u00f3, oposici\u00f3, i altres drets de protecci\u00f3 de dades.<\/p>\n<p><b>Cookies<\/b><\/p>\n<p>Aquesta web utilitza cookies pr\u00f2pies i de tercers per a diverses finalitats incloent anal\u00edtiques i publicit\u00e0ries adaptades als interessos de l&#8217;usuari. Pot configurar les vostres prefer\u00e8ncies en qualsevol moment mitjan\u00e7ant el sistema de configuraci\u00f3 de cookies integrat en aquest lloc web, podreu activar \/ desactivar l&#8217;\u00fas de cookies segons les seves finalitats.<\/p>\n<p>Llegeixi detingudament la nostra pol\u00edtica de cookies per con\u00e8ixer les tipologies de cookies emprades, i com bloquejar-les o esborrar-les al seu navegador.<\/p>\n<p><b>Prevalen\u00e7a de la versi\u00f3 espanyola<\/b><\/p>\n<p>En cas que es tradueixi aquest av\u00eds legal a d&#8217;altres idiomes, quan existeixi alguna discrep\u00e0ncia, la versi\u00f3 espanyola prevaldr\u00e0.<\/p>\n<p><b>Legislaci\u00f3 i Jurisdicci\u00f3 aplicable<\/b><\/p>\n<p>El present Av\u00eds Legal aix\u00ed com les relacions entre VIAP i els usuaris es regiran per la normativa espanyola vigent i qualsevol controv\u00e8rsia se sotmetr\u00e0 als Jutjats i Tribunals de BARCELONA, excepte en el cas de consumidors i usuaris on s&#8217;aplicar\u00e0 el fur imperatiu dels jutjats que corresponguin al seu domicili.<\/p>\n<p>\u00a9 2022 VIAP<\/p>\t\t\t\t\t\t\t\t<\/div>\n\t\t\t\t<\/div>\n\t\t\t\t\t<\/div>\n\t\t<\/div>\n\t\t\t\t\t<\/div>\n\t\t<\/section>\n\t\t\t\t<\/div>\n\t\t","protected":false},"excerpt":{"rendered":"<p>Titularitat de la web i les dades de contacte www.viap.es \u00e9s un domini d&#8217;internet que t\u00e9 com a propietari VIAP BUSINESS TRAVEL, S.L. (en endavant, VIAP) amb CIF\/NIF B60653979 i domiciliada a CAPITAN ARENAS 38-40, PRINCIPAL 2\u00aa 08017 BARCELONA (BARCELONA). Registro Mercantil de BARCELONA T 27490, F53, S 8, H B 118411. La finalitat de [&hellip;]<\/p>\n","protected":false},"author":1,"featured_media":0,"parent":0,"menu_order":0,"comment_status":"closed","ping_status":"closed","template":"","meta":{"footnotes":""},"class_list":["post-10271","page","type-page","status-publish","hentry"],"acf":[],"yoast_head":"<!-- This site is optimized with the Yoast SEO plugin v27.4 - https:\/\/yoast.com\/product\/yoast-seo-wordpress\/ -->\n<title>Av\u00eds legal - Viap Travel<\/title>\n<meta name=\"robots\" content=\"index, follow, max-snippet:-1, max-image-preview:large, max-video-preview:-1\" \/>\n<link rel=\"canonical\" href=\"https:\/\/www.viap.es\/ca\/avis-legal\/\" \/>\n<meta property=\"og:locale\" content=\"ca_ES\" \/>\n<meta property=\"og:type\" content=\"article\" \/>\n<meta property=\"og:title\" content=\"Av\u00eds legal - Viap Travel\" \/>\n<meta property=\"og:description\" content=\"Titularitat de la web i les dades de contacte www.viap.es \u00e9s un domini d&#8217;internet que t\u00e9 com a propietari VIAP BUSINESS TRAVEL, S.L. (en endavant, VIAP) amb CIF\/NIF B60653979 i domiciliada a CAPITAN ARENAS 38-40, PRINCIPAL 2\u00aa 08017 BARCELONA (BARCELONA). Registro Mercantil de BARCELONA T 27490, F53, S 8, H B 118411. La finalitat de [&hellip;]\" \/>\n<meta property=\"og:url\" content=\"https:\/\/www.viap.es\/ca\/avis-legal\/\" \/>\n<meta property=\"og:site_name\" content=\"Viap Travel\" \/>\n<meta property=\"article:modified_time\" content=\"2023-04-26T10:41:44+00:00\" \/>\n<meta name=\"twitter:card\" content=\"summary_large_image\" \/>\n<meta name=\"twitter:label1\" content=\"Temps estimat de lectura\" \/>\n\t<meta name=\"twitter:data1\" content=\"6 minuts\" \/>\n<script type=\"application\/ld+json\" class=\"yoast-schema-graph\">{\"@context\":\"https:\\\/\\\/schema.org\",\"@graph\":[{\"@type\":\"WebPage\",\"@id\":\"https:\\\/\\\/www.viap.es\\\/ca\\\/avis-legal\\\/\",\"url\":\"https:\\\/\\\/www.viap.es\\\/ca\\\/avis-legal\\\/\",\"name\":\"Av\u00eds legal - Viap Travel\",\"isPartOf\":{\"@id\":\"https:\\\/\\\/www.viap.es\\\/ca\\\/#website\"},\"datePublished\":\"2023-04-26T09:32:59+00:00\",\"dateModified\":\"2023-04-26T10:41:44+00:00\",\"breadcrumb\":{\"@id\":\"https:\\\/\\\/www.viap.es\\\/ca\\\/avis-legal\\\/#breadcrumb\"},\"inLanguage\":\"ca\",\"potentialAction\":[{\"@type\":\"ReadAction\",\"target\":[\"https:\\\/\\\/www.viap.es\\\/ca\\\/avis-legal\\\/\"]}]},{\"@type\":\"BreadcrumbList\",\"@id\":\"https:\\\/\\\/www.viap.es\\\/ca\\\/avis-legal\\\/#breadcrumb\",\"itemListElement\":[{\"@type\":\"ListItem\",\"position\":1,\"name\":\"Portada\",\"item\":\"https:\\\/\\\/www.viap.es\\\/ca\\\/\"},{\"@type\":\"ListItem\",\"position\":2,\"name\":\"Av\u00eds legal\"}]},{\"@type\":\"WebSite\",\"@id\":\"https:\\\/\\\/www.viap.es\\\/ca\\\/#website\",\"url\":\"https:\\\/\\\/www.viap.es\\\/ca\\\/\",\"name\":\"Viap Travel\",\"description\":\"Viap Travel\",\"publisher\":{\"@id\":\"https:\\\/\\\/www.viap.es\\\/ca\\\/#organization\"},\"potentialAction\":[{\"@type\":\"SearchAction\",\"target\":{\"@type\":\"EntryPoint\",\"urlTemplate\":\"https:\\\/\\\/www.viap.es\\\/ca\\\/?s={search_term_string}\"},\"query-input\":{\"@type\":\"PropertyValueSpecification\",\"valueRequired\":true,\"valueName\":\"search_term_string\"}}],\"inLanguage\":\"ca\"},{\"@type\":\"Organization\",\"@id\":\"https:\\\/\\\/www.viap.es\\\/ca\\\/#organization\",\"name\":\"Viap Travel\",\"url\":\"https:\\\/\\\/www.viap.es\\\/ca\\\/\",\"logo\":{\"@type\":\"ImageObject\",\"inLanguage\":\"ca\",\"@id\":\"https:\\\/\\\/www.viap.es\\\/ca\\\/#\\\/schema\\\/logo\\\/image\\\/\",\"url\":\"https:\\\/\\\/www.viap.es\\\/wp-content\\\/uploads\\\/2022\\\/06\\\/logo.png\",\"contentUrl\":\"https:\\\/\\\/www.viap.es\\\/wp-content\\\/uploads\\\/2022\\\/06\\\/logo.png\",\"width\":263,\"height\":48,\"caption\":\"Viap Travel\"},\"image\":{\"@id\":\"https:\\\/\\\/www.viap.es\\\/ca\\\/#\\\/schema\\\/logo\\\/image\\\/\"}}]}<\/script>\n<!-- \/ Yoast SEO plugin. -->","yoast_head_json":{"title":"Av\u00eds legal - Viap Travel","robots":{"index":"index","follow":"follow","max-snippet":"max-snippet:-1","max-image-preview":"max-image-preview:large","max-video-preview":"max-video-preview:-1"},"canonical":"https:\/\/www.viap.es\/ca\/avis-legal\/","og_locale":"ca_ES","og_type":"article","og_title":"Av\u00eds legal - Viap Travel","og_description":"Titularitat de la web i les dades de contacte www.viap.es \u00e9s un domini d&#8217;internet que t\u00e9 com a propietari VIAP BUSINESS TRAVEL, S.L. (en endavant, VIAP) amb CIF\/NIF B60653979 i domiciliada a CAPITAN ARENAS 38-40, PRINCIPAL 2\u00aa 08017 BARCELONA (BARCELONA). Registro Mercantil de BARCELONA T 27490, F53, S 8, H B 118411. La finalitat de [&hellip;]","og_url":"https:\/\/www.viap.es\/ca\/avis-legal\/","og_site_name":"Viap Travel","article_modified_time":"2023-04-26T10:41:44+00:00","twitter_card":"summary_large_image","twitter_misc":{"Temps estimat de lectura":"6 minuts"},"schema":{"@context":"https:\/\/schema.org","@graph":[{"@type":"WebPage","@id":"https:\/\/www.viap.es\/ca\/avis-legal\/","url":"https:\/\/www.viap.es\/ca\/avis-legal\/","name":"Av\u00eds legal - Viap Travel","isPartOf":{"@id":"https:\/\/www.viap.es\/ca\/#website"},"datePublished":"2023-04-26T09:32:59+00:00","dateModified":"2023-04-26T10:41:44+00:00","breadcrumb":{"@id":"https:\/\/www.viap.es\/ca\/avis-legal\/#breadcrumb"},"inLanguage":"ca","potentialAction":[{"@type":"ReadAction","target":["https:\/\/www.viap.es\/ca\/avis-legal\/"]}]},{"@type":"BreadcrumbList","@id":"https:\/\/www.viap.es\/ca\/avis-legal\/#breadcrumb","itemListElement":[{"@type":"ListItem","position":1,"name":"Portada","item":"https:\/\/www.viap.es\/ca\/"},{"@type":"ListItem","position":2,"name":"Av\u00eds legal"}]},{"@type":"WebSite","@id":"https:\/\/www.viap.es\/ca\/#website","url":"https:\/\/www.viap.es\/ca\/","name":"Viap Travel","description":"Viap Travel","publisher":{"@id":"https:\/\/www.viap.es\/ca\/#organization"},"potentialAction":[{"@type":"SearchAction","target":{"@type":"EntryPoint","urlTemplate":"https:\/\/www.viap.es\/ca\/?s={search_term_string}"},"query-input":{"@type":"PropertyValueSpecification","valueRequired":true,"valueName":"search_term_string"}}],"inLanguage":"ca"},{"@type":"Organization","@id":"https:\/\/www.viap.es\/ca\/#organization","name":"Viap Travel","url":"https:\/\/www.viap.es\/ca\/","logo":{"@type":"ImageObject","inLanguage":"ca","@id":"https:\/\/www.viap.es\/ca\/#\/schema\/logo\/image\/","url":"https:\/\/www.viap.es\/wp-content\/uploads\/2022\/06\/logo.png","contentUrl":"https:\/\/www.viap.es\/wp-content\/uploads\/2022\/06\/logo.png","width":263,"height":48,"caption":"Viap Travel"},"image":{"@id":"https:\/\/www.viap.es\/ca\/#\/schema\/logo\/image\/"}}]}},"_links":{"self":[{"href":"https:\/\/www.viap.es\/ca\/wp-json\/wp\/v2\/pages\/10271","targetHints":{"allow":["GET"]}}],"collection":[{"href":"https:\/\/www.viap.es\/ca\/wp-json\/wp\/v2\/pages"}],"about":[{"href":"https:\/\/www.viap.es\/ca\/wp-json\/wp\/v2\/types\/page"}],"author":[{"embeddable":true,"href":"https:\/\/www.viap.es\/ca\/wp-json\/wp\/v2\/users\/1"}],"replies":[{"embeddable":true,"href":"https:\/\/www.viap.es\/ca\/wp-json\/wp\/v2\/comments?post=10271"}],"version-history":[{"count":12,"href":"https:\/\/www.viap.es\/ca\/wp-json\/wp\/v2\/pages\/10271\/revisions"}],"predecessor-version":[{"id":10296,"href":"https:\/\/www.viap.es\/ca\/wp-json\/wp\/v2\/pages\/10271\/revisions\/10296"}],"wp:attachment":[{"href":"https:\/\/www.viap.es\/ca\/wp-json\/wp\/v2\/media?parent=10271"}],"curies":[{"name":"wp","href":"https:\/\/api.w.org\/{rel}","templated":true}]}}