{"id":676,"date":"2022-06-27T11:05:43","date_gmt":"2022-06-27T09:05:43","guid":{"rendered":"https:\/\/viap.online\/?page_id=676"},"modified":"2023-04-19T17:26:07","modified_gmt":"2023-04-19T15:26:07","slug":"gestio-de-viatges","status":"publish","type":"page","link":"https:\/\/www.viap.es\/ca\/gestio-de-viatges\/","title":{"rendered":"Gesti\u00f3 de viatges"},"content":{"rendered":"","protected":false},"excerpt":{"rendered":"","protected":false},"author":1,"featured_media":0,"parent":0,"menu_order":0,"comment_status":"closed","ping_status":"closed","template":"travel-management.php","meta":{"footnotes":""},"class_list":["post-676","page","type-page","status-publish","hentry"],"acf":[],"yoast_head":"<!-- This site is optimized with the Yoast SEO plugin v27.3 - https:\/\/yoast.com\/product\/yoast-seo-wordpress\/ -->\n<title>Gesti\u00f3 de viatges que estalvia el temps<\/title>\n<meta name=\"description\" content=\"La nostra experi\u00e8ncia, recursos, associacions i una xarxa m\u00e9s gran ens permeten brindar solucions de qualitat amb preus competitius.\" \/>\n<meta name=\"robots\" content=\"index, follow, max-snippet:-1, max-image-preview:large, max-video-preview:-1\" \/>\n<link rel=\"canonical\" href=\"https:\/\/www.viap.es\/ca\/gestio-de-viatges\/\" \/>\n<meta property=\"og:locale\" content=\"ca_ES\" \/>\n<meta property=\"og:type\" content=\"article\" \/>\n<meta property=\"og:title\" content=\"Gesti\u00f3 de viatges que estalvia el temps\" \/>\n<meta property=\"og:description\" content=\"La nostra experi\u00e8ncia, recursos, associacions i una xarxa m\u00e9s gran ens permeten brindar solucions de qualitat amb preus competitius.\" \/>\n<meta property=\"og:url\" content=\"https:\/\/www.viap.es\/ca\/gestio-de-viatges\/\" \/>\n<meta property=\"og:site_name\" content=\"Viap Travel\" \/>\n<meta property=\"article:modified_time\" content=\"2023-04-19T15:26:07+00:00\" \/>\n<meta name=\"twitter:card\" content=\"summary_large_image\" \/>\n<script type=\"application\/ld+json\" class=\"yoast-schema-graph\">{\"@context\":\"https:\\\/\\\/schema.org\",\"@graph\":[{\"@type\":\"WebPage\",\"@id\":\"https:\\\/\\\/www.viap.es\\\/ca\\\/gestio-de-viatges\\\/\",\"url\":\"https:\\\/\\\/www.viap.es\\\/ca\\\/gestio-de-viatges\\\/\",\"name\":\"Gesti\u00f3 de viatges que estalvia el temps\",\"isPartOf\":{\"@id\":\"https:\\\/\\\/www.viap.es\\\/ca\\\/#website\"},\"datePublished\":\"2022-06-27T09:05:43+00:00\",\"dateModified\":\"2023-04-19T15:26:07+00:00\",\"description\":\"La nostra experi\u00e8ncia, recursos, associacions i una xarxa m\u00e9s gran ens permeten brindar solucions de qualitat amb preus competitius.\",\"breadcrumb\":{\"@id\":\"https:\\\/\\\/www.viap.es\\\/ca\\\/gestio-de-viatges\\\/#breadcrumb\"},\"inLanguage\":\"ca\",\"potentialAction\":[{\"@type\":\"ReadAction\",\"target\":[\"https:\\\/\\\/www.viap.es\\\/ca\\\/gestio-de-viatges\\\/\"]}]},{\"@type\":\"BreadcrumbList\",\"@id\":\"https:\\\/\\\/www.viap.es\\\/ca\\\/gestio-de-viatges\\\/#breadcrumb\",\"itemListElement\":[{\"@type\":\"ListItem\",\"position\":1,\"name\":\"Portada\",\"item\":\"https:\\\/\\\/www.viap.es\\\/ca\\\/\"},{\"@type\":\"ListItem\",\"position\":2,\"name\":\"Gesti\u00f3 de viatges\"}]},{\"@type\":\"WebSite\",\"@id\":\"https:\\\/\\\/www.viap.es\\\/ca\\\/#website\",\"url\":\"https:\\\/\\\/www.viap.es\\\/ca\\\/\",\"name\":\"Viap Travel\",\"description\":\"Viap Travel\",\"publisher\":{\"@id\":\"https:\\\/\\\/www.viap.es\\\/ca\\\/#organization\"},\"potentialAction\":[{\"@type\":\"SearchAction\",\"target\":{\"@type\":\"EntryPoint\",\"urlTemplate\":\"https:\\\/\\\/www.viap.es\\\/ca\\\/?s={search_term_string}\"},\"query-input\":{\"@type\":\"PropertyValueSpecification\",\"valueRequired\":true,\"valueName\":\"search_term_string\"}}],\"inLanguage\":\"ca\"},{\"@type\":\"Organization\",\"@id\":\"https:\\\/\\\/www.viap.es\\\/ca\\\/#organization\",\"name\":\"Viap Travel\",\"url\":\"https:\\\/\\\/www.viap.es\\\/ca\\\/\",\"logo\":{\"@type\":\"ImageObject\",\"inLanguage\":\"ca\",\"@id\":\"https:\\\/\\\/www.viap.es\\\/ca\\\/#\\\/schema\\\/logo\\\/image\\\/\",\"url\":\"https:\\\/\\\/www.viap.es\\\/wp-content\\\/uploads\\\/2022\\\/06\\\/logo.png\",\"contentUrl\":\"https:\\\/\\\/www.viap.es\\\/wp-content\\\/uploads\\\/2022\\\/06\\\/logo.png\",\"width\":263,\"height\":48,\"caption\":\"Viap Travel\"},\"image\":{\"@id\":\"https:\\\/\\\/www.viap.es\\\/ca\\\/#\\\/schema\\\/logo\\\/image\\\/\"}}]}<\/script>\n<!-- \/ Yoast SEO plugin. -->","yoast_head_json":{"title":"Gesti\u00f3 de viatges que estalvia el temps","description":"La nostra experi\u00e8ncia, recursos, associacions i una xarxa m\u00e9s gran ens permeten brindar solucions de qualitat amb preus competitius.","robots":{"index":"index","follow":"follow","max-snippet":"max-snippet:-1","max-image-preview":"max-image-preview:large","max-video-preview":"max-video-preview:-1"},"canonical":"https:\/\/www.viap.es\/ca\/gestio-de-viatges\/","og_locale":"ca_ES","og_type":"article","og_title":"Gesti\u00f3 de viatges que estalvia el temps","og_description":"La nostra experi\u00e8ncia, recursos, associacions i una xarxa m\u00e9s gran ens permeten brindar solucions de qualitat amb preus competitius.","og_url":"https:\/\/www.viap.es\/ca\/gestio-de-viatges\/","og_site_name":"Viap Travel","article_modified_time":"2023-04-19T15:26:07+00:00","twitter_card":"summary_large_image","schema":{"@context":"https:\/\/schema.org","@graph":[{"@type":"WebPage","@id":"https:\/\/www.viap.es\/ca\/gestio-de-viatges\/","url":"https:\/\/www.viap.es\/ca\/gestio-de-viatges\/","name":"Gesti\u00f3 de viatges que estalvia el temps","isPartOf":{"@id":"https:\/\/www.viap.es\/ca\/#website"},"datePublished":"2022-06-27T09:05:43+00:00","dateModified":"2023-04-19T15:26:07+00:00","description":"La nostra experi\u00e8ncia, recursos, associacions i una xarxa m\u00e9s gran ens permeten brindar solucions de qualitat amb preus competitius.","breadcrumb":{"@id":"https:\/\/www.viap.es\/ca\/gestio-de-viatges\/#breadcrumb"},"inLanguage":"ca","potentialAction":[{"@type":"ReadAction","target":["https:\/\/www.viap.es\/ca\/gestio-de-viatges\/"]}]},{"@type":"BreadcrumbList","@id":"https:\/\/www.viap.es\/ca\/gestio-de-viatges\/#breadcrumb","itemListElement":[{"@type":"ListItem","position":1,"name":"Portada","item":"https:\/\/www.viap.es\/ca\/"},{"@type":"ListItem","position":2,"name":"Gesti\u00f3 de viatges"}]},{"@type":"WebSite","@id":"https:\/\/www.viap.es\/ca\/#website","url":"https:\/\/www.viap.es\/ca\/","name":"Viap Travel","description":"Viap Travel","publisher":{"@id":"https:\/\/www.viap.es\/ca\/#organization"},"potentialAction":[{"@type":"SearchAction","target":{"@type":"EntryPoint","urlTemplate":"https:\/\/www.viap.es\/ca\/?s={search_term_string}"},"query-input":{"@type":"PropertyValueSpecification","valueRequired":true,"valueName":"search_term_string"}}],"inLanguage":"ca"},{"@type":"Organization","@id":"https:\/\/www.viap.es\/ca\/#organization","name":"Viap Travel","url":"https:\/\/www.viap.es\/ca\/","logo":{"@type":"ImageObject","inLanguage":"ca","@id":"https:\/\/www.viap.es\/ca\/#\/schema\/logo\/image\/","url":"https:\/\/www.viap.es\/wp-content\/uploads\/2022\/06\/logo.png","contentUrl":"https:\/\/www.viap.es\/wp-content\/uploads\/2022\/06\/logo.png","width":263,"height":48,"caption":"Viap Travel"},"image":{"@id":"https:\/\/www.viap.es\/ca\/#\/schema\/logo\/image\/"}}]}},"_links":{"self":[{"href":"https:\/\/www.viap.es\/ca\/wp-json\/wp\/v2\/pages\/676","targetHints":{"allow":["GET"]}}],"collection":[{"href":"https:\/\/www.viap.es\/ca\/wp-json\/wp\/v2\/pages"}],"about":[{"href":"https:\/\/www.viap.es\/ca\/wp-json\/wp\/v2\/types\/page"}],"author":[{"embeddable":true,"href":"https:\/\/www.viap.es\/ca\/wp-json\/wp\/v2\/users\/1"}],"replies":[{"embeddable":true,"href":"https:\/\/www.viap.es\/ca\/wp-json\/wp\/v2\/comments?post=676"}],"version-history":[{"count":1,"href":"https:\/\/www.viap.es\/ca\/wp-json\/wp\/v2\/pages\/676\/revisions"}],"predecessor-version":[{"id":10258,"href":"https:\/\/www.viap.es\/ca\/wp-json\/wp\/v2\/pages\/676\/revisions\/10258"}],"wp:attachment":[{"href":"https:\/\/www.viap.es\/ca\/wp-json\/wp\/v2\/media?parent=676"}],"curies":[{"name":"wp","href":"https:\/\/api.w.org\/{rel}","templated":true}]}}