{"id":687,"date":"2022-06-30T07:17:48","date_gmt":"2022-06-30T05:17:48","guid":{"rendered":"https:\/\/viap.online\/?page_id=687"},"modified":"2024-11-19T15:37:28","modified_gmt":"2024-11-19T14:37:28","slug":"politica-de-privacitat","status":"publish","type":"page","link":"https:\/\/www.viap.es\/ca\/politica-de-privacitat\/","title":{"rendered":"Pol\u00edtica de privadesa"},"content":{"rendered":"\t\t<div data-elementor-type=\"wp-page\" data-elementor-id=\"687\" class=\"elementor elementor-687 elementor-228\" data-elementor-post-type=\"page\">\n\t\t\t\t\t\t<section class=\"elementor-section elementor-top-section elementor-element elementor-element-21f8dd5f elementor-section-boxed elementor-section-height-default elementor-section-height-default\" data-id=\"21f8dd5f\" data-element_type=\"section\" data-e-type=\"section\">\n\t\t\t\t\t\t<div class=\"elementor-container elementor-column-gap-default\">\n\t\t\t\t\t<div class=\"elementor-column elementor-col-100 elementor-top-column elementor-element elementor-element-721e9fb7\" data-id=\"721e9fb7\" data-element_type=\"column\" data-e-type=\"column\">\n\t\t\t<div class=\"elementor-widget-wrap elementor-element-populated\">\n\t\t\t\t\t\t<div class=\"elementor-element elementor-element-4804548b elementor-widget elementor-widget-text-editor\" data-id=\"4804548b\" data-element_type=\"widget\" data-e-type=\"widget\" data-widget_type=\"text-editor.default\">\n\t\t\t\t<div class=\"elementor-widget-container\">\n\t\t\t\t\t\t\t\t\t<h1>Pol\u00edtica de Privadesa<\/h1><p>L&#8217;\u00fas d&#8217;aquest lloc web i els formularis requereix l&#8217;acceptaci\u00f3 del processament de les dades de l&#8217;usuari d&#8217;acord amb aquesta pol\u00edtica de privadesa, inclosa la recopilaci\u00f3 de dades d&#8217;acc\u00e9s i el lliurament d&#8217;informaci\u00f3 comercial per mitjans electr\u00f2nics.<\/p><h3>Controlador de dades i informaci\u00f3 de contacte<\/h3><p>El controlador de dades \u00e9s: VIAP BUSINESS TRAVEL, SL<\/p><p>Adre\u00e7a: Av. Diagonal, 421, 2\u00ba 1\u00aa 08034 -Barcelona<\/p><p>Dades de contacte: 93409 34 40 correu electr\u00f2nic viap@viap.es<\/p><p>Prop\u00f2sit del processament de dades.<\/p><p>Les dades es processen amb l&#8217;objectiu de proporcionar acc\u00e9s als continguts en l\u00ednia de la web, aix\u00ed com completar les sol\u00b7licituds dels usuaris, mantenir un registre de visites amb finalitats estad\u00edstiques (adreces IP, tipus de navegador, pa\u00eds, p\u00e0gina visitada, etc.) .), aplicar mesures destinades a la seguretat de la web i lliurar informaci\u00f3 comercial per mitjans electr\u00f2nics sobre els nostres productes i serveis.<\/p><p>Quan l&#8217;usuari completi qualsevol dels nostres formularis, caldr\u00e0 proporcionar certes dades personals, i es processar\u00e0 per dur a terme la sol\u00b7licitud de l&#8217;usuari.<\/p><h3>Legitimitat<\/h3><p>Les dades es processen segons el consentiment de l&#8217;usuari, el compliment de les obligacions legals, si escau, per a l&#8217;execuci\u00f3 d&#8217;un contracte o precontracte.<\/p><h3>Destinataris de dades i transfer\u00e8ncies<\/h3><p>Destinataris: VIAP BUSINESS TRAVEL, SL ..<\/p><p>Les transfer\u00e8ncies internacionals no estan planificades (fora de l&#8217;Espai Econ\u00f2mic Europeu), excepte per a fins d&#8217;emmagatzematge .<\/p><h3>Temps de retenci\u00f3 de dades<\/h3><p>Les dades s&#8217;han d&#8217;emmagatzemar almenys durant els per\u00edodes establerts per la legislaci\u00f3 aplicable i, en tot cas, durant la validesa del consentiment.<\/p><h3>Drets de les persones<\/h3><p>Els interessats tenen dret a: accedir, rectificar i eliminar les seves dades; sol\u00b7licitar la portabilitat de les vostres dades; oposar-se al processament o sol\u00b7licitar-ne la limitaci\u00f3; retirar el consentiment<\/p><p>Per exercir els drets, els interessats poden contactar:<\/p><ul><li>Per correu electr\u00f2nic, escrivint a viap@viap.es incloent a l&#8217;assumpte especificant al tema la \u00abProtecci\u00f3 de dades\u00bb<\/li><li>Escrivint, a CAPIT\u00c1N ARENAS, 38 40, 08034 BARCELONA<\/li><\/ul><p>L&#8217;interessat ha d&#8217;adjuntar una fotoc\u00f2pia de la identificaci\u00f3 a la sol\u00b7licitud.<\/p><p>Els interessats tenen dret a presentar una queixa davant les Autoritats de Control de Protecci\u00f3 de Dades.<\/p><h3>Veracitat de dades, actualitzaci\u00f3 de dades.<\/h3><p>L&#8217;usuari ha de completar els formularis amb dades reals, exactes, completes i actualitzades. L&#8217;usuari no introdueix dades sobre altres persones; VIAP UNIGLOBE presumir\u00e0 que les dades han estat ingressades per l&#8217;interessat mateix. L&#8217;usuari ser\u00e0 l&#8217;\u00fanic responsable de qualsevol dany o perjudici, causat directament o indirectament a una altra persona, derivat de proporcionar dades falses, inexactes, incompletes o obsoletes o dades que es refereixin a una altra persona.<\/p><p>L&#8217;usuari ha de comunicar qualsevol canvi a les dades proporcionades per mantenir-lo actualitzat.<\/p><h3>Seguretat d&#8217;informaci\u00f3<\/h3><p>VIAP UNIGLOBE ha pres totes les mesures requerides per la llei per protegir les dades personals; aix\u00ed mateix, VIAP UNIGLOBE ha adoptat les mesures t\u00e8cniques disponibles per evitar la p\u00e8rdua de dades, \u00fas injust, alteraci\u00f3, acc\u00e9s no autoritzat o robatori de dades. Tot i aix\u00f2, l&#8217;usuari tindr\u00e0 en compte que les mesures de seguretat a Internet no s\u00f3n completament infrangibles.<\/p><h3>Menors<\/h3><p>VIAP UNIGLOBE prohibeix l&#8217;\u00fas d&#8217;aquest lloc web a persones menors de 18 anys, tret que els pares dels tutors hagin donat el seu consentiment espec\u00edfic.<\/p><h3>Analista de la xarxa<\/h3><p>Aquest lloc web implementa an\u00e0lisis web per comprendre millor com els usuaris el busquen, accedeixen i naveguen. Aquestes an\u00e0lisis poden implicar la recopilaci\u00f3 de dades personals com l&#8217;adre\u00e7a IP de l&#8217;usuari, la ubicaci\u00f3 de la connexi\u00f3, el programari de navegaci\u00f3 i les caracter\u00edstiques del maquinari, etc. Aquesta informaci\u00f3 no est\u00e0 associada a l&#8217;usuari i s&#8217;utilitza exclusivament per a l&#8217;an\u00e0lisi estad\u00edstica.<\/p><h3>\u00das de funcions i complements de tercers<\/h3><p>Aquest lloc web pot implementar funcions i complements proporcionats per tercers. Aquestes funcions serveixen per a diversos prop\u00f2sits, com ara: an\u00e0lisi web de tercers; Mapes de tercers; Transmissi\u00f3 de v\u00eddeo de tercers; Compartir continguts a xarxes socials; Fav, M&#8217;agrada, +1 i botons similars.<\/p><p>Una funci\u00f3 o complement proporcionat per un tercer estableix una connexi\u00f3 directa entre el navegador de l&#8217;usuari i els dominis d&#8217;Internet del tercer, cosa que permet la desc\u00e0rrega i execuci\u00f3 de la funci\u00f3.<\/p><p>La majoria dels complements de tercers recopilen informaci\u00f3 sobre els llocs web visitats per l&#8217;usuari per con\u00e8ixer els vostres interessos i proporcionar anuncis dirigits.<\/p><h3>\u00das de funcions proporcionades per Google, Inc.<\/h3><p>Aquest lloc web implementa funcions proporcionades per Google Inc (1600 AMPHITHEATER PARKWAY, MOUNTAIN VIEW, CALIFORNIA, EUA) Com a v\u00eddeos de YouTube, mapes i botons socials +1. Aquestes funcions poden implicar la col\u00b7lecci\u00f3 de l&#8217;activitat de l&#8217;usuari vinculada a la vostra adre\u00e7a IP. Quan l&#8217;usuari carrega aquest lloc web, el navegador de l&#8217;usuari es connecta a dominis de Google com ara google.com, cosa que permet a Google saber que l&#8217;usuari est\u00e0 accedint al lloc web. Google recopila dades d&#8217;\u00fas per a diverses finalitats, inclosos els anuncis dirigits d&#8217;acord amb les pol\u00edtiques de privadesa de Google http:\/\/www.google.es\/intl\/en\/policies\/privacy\/<\/p><p>El consentiment de l&#8217;usuari per al processament realitzat per Google est\u00e0 impl\u00edcit en aquest lloc web.<\/p>\t\t\t\t\t\t\t\t<\/div>\n\t\t\t\t<\/div>\n\t\t\t\t\t<\/div>\n\t\t<\/div>\n\t\t\t\t\t<\/div>\n\t\t<\/section>\n\t\t\t\t<\/div>\n\t\t","protected":false},"excerpt":{"rendered":"<p>Pol\u00edtica de Privadesa L&#8217;\u00fas d&#8217;aquest lloc web i els formularis requereix l&#8217;acceptaci\u00f3 del processament de les dades de l&#8217;usuari d&#8217;acord amb aquesta pol\u00edtica de privadesa, inclosa la recopilaci\u00f3 de dades d&#8217;acc\u00e9s i el lliurament d&#8217;informaci\u00f3 comercial per mitjans electr\u00f2nics. Controlador de dades i informaci\u00f3 de contacte El controlador de dades \u00e9s: VIAP BUSINESS TRAVEL, SL [&hellip;]<\/p>\n","protected":false},"author":1,"featured_media":0,"parent":0,"menu_order":0,"comment_status":"closed","ping_status":"closed","template":"","meta":{"footnotes":""},"class_list":["post-687","page","type-page","status-publish","hentry"],"acf":[],"yoast_head":"<!-- This site is optimized with the Yoast SEO plugin v27.4 - https:\/\/yoast.com\/product\/yoast-seo-wordpress\/ -->\n<title>Pol\u00edtica de privadesa - Viap Travel<\/title>\n<meta name=\"robots\" content=\"index, follow, max-snippet:-1, max-image-preview:large, max-video-preview:-1\" \/>\n<link rel=\"canonical\" href=\"https:\/\/www.viap.es\/ca\/politica-de-privacitat\/\" \/>\n<meta property=\"og:locale\" content=\"ca_ES\" \/>\n<meta property=\"og:type\" content=\"article\" \/>\n<meta property=\"og:title\" content=\"Pol\u00edtica de privadesa - Viap Travel\" \/>\n<meta property=\"og:description\" content=\"Pol\u00edtica de Privadesa L&#8217;\u00fas d&#8217;aquest lloc web i els formularis requereix l&#8217;acceptaci\u00f3 del processament de les dades de l&#8217;usuari d&#8217;acord amb aquesta pol\u00edtica de privadesa, inclosa la recopilaci\u00f3 de dades d&#8217;acc\u00e9s i el lliurament d&#8217;informaci\u00f3 comercial per mitjans electr\u00f2nics. Controlador de dades i informaci\u00f3 de contacte El controlador de dades \u00e9s: VIAP BUSINESS TRAVEL, SL [&hellip;]\" \/>\n<meta property=\"og:url\" content=\"https:\/\/www.viap.es\/ca\/politica-de-privacitat\/\" \/>\n<meta property=\"og:site_name\" content=\"Viap Travel\" \/>\n<meta property=\"article:modified_time\" content=\"2024-11-19T14:37:28+00:00\" \/>\n<meta name=\"twitter:card\" content=\"summary_large_image\" \/>\n<meta name=\"twitter:label1\" content=\"Temps estimat de lectura\" \/>\n\t<meta name=\"twitter:data1\" content=\"5 minuts\" \/>\n<script type=\"application\/ld+json\" class=\"yoast-schema-graph\">{\"@context\":\"https:\\\/\\\/schema.org\",\"@graph\":[{\"@type\":\"WebPage\",\"@id\":\"https:\\\/\\\/www.viap.es\\\/ca\\\/politica-de-privacitat\\\/\",\"url\":\"https:\\\/\\\/www.viap.es\\\/ca\\\/politica-de-privacitat\\\/\",\"name\":\"Pol\u00edtica de privadesa - Viap Travel\",\"isPartOf\":{\"@id\":\"https:\\\/\\\/www.viap.es\\\/ca\\\/#website\"},\"datePublished\":\"2022-06-30T05:17:48+00:00\",\"dateModified\":\"2024-11-19T14:37:28+00:00\",\"breadcrumb\":{\"@id\":\"https:\\\/\\\/www.viap.es\\\/ca\\\/politica-de-privacitat\\\/#breadcrumb\"},\"inLanguage\":\"ca\",\"potentialAction\":[{\"@type\":\"ReadAction\",\"target\":[\"https:\\\/\\\/www.viap.es\\\/ca\\\/politica-de-privacitat\\\/\"]}]},{\"@type\":\"BreadcrumbList\",\"@id\":\"https:\\\/\\\/www.viap.es\\\/ca\\\/politica-de-privacitat\\\/#breadcrumb\",\"itemListElement\":[{\"@type\":\"ListItem\",\"position\":1,\"name\":\"Portada\",\"item\":\"https:\\\/\\\/www.viap.es\\\/ca\\\/\"},{\"@type\":\"ListItem\",\"position\":2,\"name\":\"Pol\u00edtica de privadesa\"}]},{\"@type\":\"WebSite\",\"@id\":\"https:\\\/\\\/www.viap.es\\\/ca\\\/#website\",\"url\":\"https:\\\/\\\/www.viap.es\\\/ca\\\/\",\"name\":\"Viap Travel\",\"description\":\"Viap Travel\",\"publisher\":{\"@id\":\"https:\\\/\\\/www.viap.es\\\/ca\\\/#organization\"},\"potentialAction\":[{\"@type\":\"SearchAction\",\"target\":{\"@type\":\"EntryPoint\",\"urlTemplate\":\"https:\\\/\\\/www.viap.es\\\/ca\\\/?s={search_term_string}\"},\"query-input\":{\"@type\":\"PropertyValueSpecification\",\"valueRequired\":true,\"valueName\":\"search_term_string\"}}],\"inLanguage\":\"ca\"},{\"@type\":\"Organization\",\"@id\":\"https:\\\/\\\/www.viap.es\\\/ca\\\/#organization\",\"name\":\"Viap Travel\",\"url\":\"https:\\\/\\\/www.viap.es\\\/ca\\\/\",\"logo\":{\"@type\":\"ImageObject\",\"inLanguage\":\"ca\",\"@id\":\"https:\\\/\\\/www.viap.es\\\/ca\\\/#\\\/schema\\\/logo\\\/image\\\/\",\"url\":\"https:\\\/\\\/www.viap.es\\\/wp-content\\\/uploads\\\/2022\\\/06\\\/logo.png\",\"contentUrl\":\"https:\\\/\\\/www.viap.es\\\/wp-content\\\/uploads\\\/2022\\\/06\\\/logo.png\",\"width\":263,\"height\":48,\"caption\":\"Viap Travel\"},\"image\":{\"@id\":\"https:\\\/\\\/www.viap.es\\\/ca\\\/#\\\/schema\\\/logo\\\/image\\\/\"}}]}<\/script>\n<!-- \/ Yoast SEO plugin. -->","yoast_head_json":{"title":"Pol\u00edtica de privadesa - Viap Travel","robots":{"index":"index","follow":"follow","max-snippet":"max-snippet:-1","max-image-preview":"max-image-preview:large","max-video-preview":"max-video-preview:-1"},"canonical":"https:\/\/www.viap.es\/ca\/politica-de-privacitat\/","og_locale":"ca_ES","og_type":"article","og_title":"Pol\u00edtica de privadesa - Viap Travel","og_description":"Pol\u00edtica de Privadesa L&#8217;\u00fas d&#8217;aquest lloc web i els formularis requereix l&#8217;acceptaci\u00f3 del processament de les dades de l&#8217;usuari d&#8217;acord amb aquesta pol\u00edtica de privadesa, inclosa la recopilaci\u00f3 de dades d&#8217;acc\u00e9s i el lliurament d&#8217;informaci\u00f3 comercial per mitjans electr\u00f2nics. Controlador de dades i informaci\u00f3 de contacte El controlador de dades \u00e9s: VIAP BUSINESS TRAVEL, SL [&hellip;]","og_url":"https:\/\/www.viap.es\/ca\/politica-de-privacitat\/","og_site_name":"Viap Travel","article_modified_time":"2024-11-19T14:37:28+00:00","twitter_card":"summary_large_image","twitter_misc":{"Temps estimat de lectura":"5 minuts"},"schema":{"@context":"https:\/\/schema.org","@graph":[{"@type":"WebPage","@id":"https:\/\/www.viap.es\/ca\/politica-de-privacitat\/","url":"https:\/\/www.viap.es\/ca\/politica-de-privacitat\/","name":"Pol\u00edtica de privadesa - Viap Travel","isPartOf":{"@id":"https:\/\/www.viap.es\/ca\/#website"},"datePublished":"2022-06-30T05:17:48+00:00","dateModified":"2024-11-19T14:37:28+00:00","breadcrumb":{"@id":"https:\/\/www.viap.es\/ca\/politica-de-privacitat\/#breadcrumb"},"inLanguage":"ca","potentialAction":[{"@type":"ReadAction","target":["https:\/\/www.viap.es\/ca\/politica-de-privacitat\/"]}]},{"@type":"BreadcrumbList","@id":"https:\/\/www.viap.es\/ca\/politica-de-privacitat\/#breadcrumb","itemListElement":[{"@type":"ListItem","position":1,"name":"Portada","item":"https:\/\/www.viap.es\/ca\/"},{"@type":"ListItem","position":2,"name":"Pol\u00edtica de privadesa"}]},{"@type":"WebSite","@id":"https:\/\/www.viap.es\/ca\/#website","url":"https:\/\/www.viap.es\/ca\/","name":"Viap Travel","description":"Viap Travel","publisher":{"@id":"https:\/\/www.viap.es\/ca\/#organization"},"potentialAction":[{"@type":"SearchAction","target":{"@type":"EntryPoint","urlTemplate":"https:\/\/www.viap.es\/ca\/?s={search_term_string}"},"query-input":{"@type":"PropertyValueSpecification","valueRequired":true,"valueName":"search_term_string"}}],"inLanguage":"ca"},{"@type":"Organization","@id":"https:\/\/www.viap.es\/ca\/#organization","name":"Viap Travel","url":"https:\/\/www.viap.es\/ca\/","logo":{"@type":"ImageObject","inLanguage":"ca","@id":"https:\/\/www.viap.es\/ca\/#\/schema\/logo\/image\/","url":"https:\/\/www.viap.es\/wp-content\/uploads\/2022\/06\/logo.png","contentUrl":"https:\/\/www.viap.es\/wp-content\/uploads\/2022\/06\/logo.png","width":263,"height":48,"caption":"Viap Travel"},"image":{"@id":"https:\/\/www.viap.es\/ca\/#\/schema\/logo\/image\/"}}]}},"_links":{"self":[{"href":"https:\/\/www.viap.es\/ca\/wp-json\/wp\/v2\/pages\/687","targetHints":{"allow":["GET"]}}],"collection":[{"href":"https:\/\/www.viap.es\/ca\/wp-json\/wp\/v2\/pages"}],"about":[{"href":"https:\/\/www.viap.es\/ca\/wp-json\/wp\/v2\/types\/page"}],"author":[{"embeddable":true,"href":"https:\/\/www.viap.es\/ca\/wp-json\/wp\/v2\/users\/1"}],"replies":[{"embeddable":true,"href":"https:\/\/www.viap.es\/ca\/wp-json\/wp\/v2\/comments?post=687"}],"version-history":[{"count":3,"href":"https:\/\/www.viap.es\/ca\/wp-json\/wp\/v2\/pages\/687\/revisions"}],"predecessor-version":[{"id":11483,"href":"https:\/\/www.viap.es\/ca\/wp-json\/wp\/v2\/pages\/687\/revisions\/11483"}],"wp:attachment":[{"href":"https:\/\/www.viap.es\/ca\/wp-json\/wp\/v2\/media?parent=687"}],"curies":[{"name":"wp","href":"https:\/\/api.w.org\/{rel}","templated":true}]}}