{"id":697,"date":"2022-06-30T07:17:42","date_gmt":"2022-06-30T05:17:42","guid":{"rendered":"https:\/\/viap.online\/?page_id=697"},"modified":"2022-11-07T12:09:39","modified_gmt":"2022-11-07T11:09:39","slug":"termes-i-condicions","status":"publish","type":"page","link":"https:\/\/www.viap.es\/ca\/termes-i-condicions\/","title":{"rendered":"Termes i condicions"},"content":{"rendered":"<h2>INTRODUCCI\u00d3<\/h2>\n<p>Aquest document, conjuntament amb els <b>termes i \u00fas del web<\/b> , estableixen les condicions de reserva de viatges i la resta de serveis oferts (d&#8217;ara endavant, les \u201cCondicions\u201d).<\/p>\n<p>Us preguem que llegiu atentament les Condicions abans de realitzar qualsevol transacci\u00f3. En utilitzar aquesta p\u00e0gina web o fer una comanda a trav\u00e9s de la mateixa, vost\u00e8 consent quedar vinculat per aquestes Condicions, per la qual cosa si no esteu d&#8217;acord amb totes les Condicions, no ha d&#8217;usar aquesta p\u00e0gina web.<\/p>\n<p>Aquestes condicions podrien ser modificades. \u00c9s responsabilitat de llegir-les peri\u00f2dicament, ja que les condicions vigents en el moment d&#8217;\u00fas de la p\u00e0gina web o de celebraci\u00f3 d&#8217;una comanda seran les que li siguin aplicables.<\/p>\n<h2>DADES DEL TITULAR DEL WEB<\/h2>\n<p>Nom: Viap (d&#8217;ara endavant <b>www.viap.es<\/b> )<\/p>\n<p>NIF: <strong>B60653979<\/strong><\/p>\n<p>Domicili social: <strong>CL CAPITAN ARENAS 38-40 ESC.DRETA P.PRINCIPAL PT (BARCELONA)<\/strong><\/p>\n<p>Correu electr\u00f2nic: <strong>viap@viap.es<\/strong><\/p>\n<p>Dades registrals: <strong>Registre Mercantil de BARCELONA T27490 , F 53, S 8, HB 118411<\/strong><\/p>\n<h2>COM REGISTRAR-SE<\/h2>\n<p>Cal que us registreu per accedir els nostres serveis, l&#8217;usuari haur\u00e0 de registrar-se omplint el formulari de registre on se li demanar\u00e0 informaci\u00f3 de car\u00e0cter personal que haur\u00e0 de ser actualitzada i ajustar-se a la realitat. Al final del registre l&#8217;usuari haur\u00e0 d&#8217;acceptar les presents CONDICIONS GENERALS DE RESERVA i la nostra <b>POL\u00cdTICA DE PRIVACITAT<\/b> .<\/p>\n<p>L&#8217;ID d&#8217;usuari i la contrasenya de registre, en cas de requerir-se, s&#8217;han de mantenir en un lloc segur. Un cop obtingut el vostre ID d&#8217;usuari i contrasenya, l&#8217;usuari podr\u00e0 accedir a la secci\u00f3 &#8220;El meu compte&#8221; (IDENTIFICA&#8217;T) on podr\u00e0 modificar les dades de registre, visualitzar i monitoritzar l&#8217;estat de les reserves.<\/p>\n<p>En cas que detecteu algun \u00fas indegut de la vostra informaci\u00f3 de registre, poseu-vos en contacte immediatament amb <b>www.viap.es<\/b> a trav\u00e9s del correu electr\u00f2nic <b>viap@viap.es<\/b><\/p>\n<h2>\u00daS DE LA NOSTRA WEB<\/h2>\n<p>En fer \u00fas d&#8217;aquesta p\u00e0gina web i\/o cursar ordres a trav\u00e9s d&#8217;aquesta, vost\u00e8 es compromet a:<\/p>\n<ol>\n<li>1. Fer \u00fas dels serveis \u00fanicament per fer consultes o reserves legalment v\u00e0lides.<\/li>\n<li>2. No fer cap transacci\u00f3 falsa o fraudulenta. Si raonablement es pogu\u00e9s considerar que s&#8217;ha realitzat una operaci\u00f3 d&#8217;aquesta \u00edndole, estarem autoritzats a anul\u00b7lar-ho i informar les autoritats pertinents.<\/li>\n<li>3. Facilitar-nos la vostra adre\u00e7a de correu electr\u00f2nic, adre\u00e7a postal, dades dels mitjans de pagament i\/o altres dades de contacte de forma vera\u00e7 i exacta. Aix\u00ed mateix, consenteix que podrem fer \u00fas d&#8217;aquesta informaci\u00f3 per posar-nos en contacte amb vost\u00e8 si cal veure la nostra <b>POL\u00cdTICA DE PRIVACITAT<\/b> .<\/li>\n<\/ol>\n<p>Si no ens facilita tota la informaci\u00f3 que necessitem, no tramitar les operacions seleccionades.<\/p>\n<p>En realitzar una consulta o petici\u00f3 de serveis a trav\u00e9s d&#8217;aquesta p\u00e0gina web, declara ser major de 18 anys i tenir capacitat legal per celebrar contractes.<\/p>\n<h2>\u00c0MBIT TERRITORIAL<\/h2>\n<p>Els serveis que s&#8217;ofereixen a trav\u00e9s de la nostra web nom\u00e9s estan disponibles per a persones amb resid\u00e8ncia legal a territori espanyol.<\/p>\n<p>&nbsp;<\/p>\n<h2>RESERVES A TRAV\u00c9S DE LA NOSTRA WEB<\/h2>\n<p>Per fer qualsevol reserva de viatges o la resta de serveis oferts per <b>www.viap.es<\/b> heu de seleccionar un m\u00e8tode de pagament v\u00e0lid, autoritzant-nos a realitzar c\u00e0rrecs utilitzant aquest m\u00e8tode de pagament seleccionat.<\/p>\n<p>Qualsevol operaci\u00f3 estar\u00e0 subjecta al fet que l&#8217;Usuari llegeixi i accepti les presents Condicions Generals de Reserva. Un cop acceptades les mateixes aix\u00ed com les condicions de contractaci\u00f3 aplicables a la reserva i compra del producte seleccionat i realitzat el corresponent pagament, completarem l&#8217;operaci\u00f3 com m\u00e9s aviat millor.<\/p>\n<p>En cas que per determinades circumst\u00e0ncies no pogu\u00e9ssim completar les ordres cursades, ho notificarem el m\u00e9s aviat possible.<\/p>\n<h2>PREUS I FORMES DE PAGAMENT<\/h2>\n<p>&nbsp;<\/p>\n<p>Els pagaments i reemborsaments de totes les operacions es realitzaran en <strong>euros (EUR)<\/strong> . Si la vostra targeta de cr\u00e8dit\/d\u00e8bit no est\u00e0 denominada a EUROS, el tipus de canvi l&#8217;aplicar\u00e0 l&#8217;entitat banc\u00e0ria corresponent segons el tipus de canvi de mercat i podr\u00e0 variar respecte al preu indicat a la nostra web.<\/p>\n<p>En el cas de contractaci\u00f3 de viatges combinats, el preu del viatge combinat ha estat calculat en base als tipus de canvi de divisa, tarifes de transport, cost del carburant o d&#8217;altres fonts d&#8217;energia, taxes, impostos i altres rec\u00e0rrecs tur\u00edstics inclosos els de aterratge, embarcament i desembarcament a ports i aeroports si expressament es troben com a inclosos aplicables a la data de lliurament de la informaci\u00f3 precontractual.<\/p>\n<p>Llevat d&#8217;indicaci\u00f3 en contra el programa oferta reflecteix preus per persona amb allotjament en habitaci\u00f3 doble tipus est\u00e0ndard i vols a classe turista.<\/p>\n<p>Qualsevol variaci\u00f3 del preu dels elements esmentats podr\u00e0 donar lloc a la revisi\u00f3 del preu final del viatge, tant a l&#8217;al\u00e7a com a la baixa, en els imports estrictes de les variacions del preu al\u00b7ludides. Aquestes modificacions seran notificades per escrit al viatger. La revisi\u00f3 de preus d&#8217;acord amb el que disposa l&#8217;article 158 del Reial decret legislatiu 1\/2007, de 16 de novembre, pel qual s&#8217;aprova el text ref\u00f3s de la Llei general de defensa dels consumidors i usuaris i altres lleis complement\u00e0ries nom\u00e9s tindr\u00e0 lloc si l&#8217;organitzadora del viatge s&#8217;ha reservat expressament aquest dret i aix\u00ed ho ha comunicat en la informaci\u00f3 precontractual que se li faciliti abans de la contractaci\u00f3.<\/p>\n<p>En cap cas no es revisar\u00e0 a l&#8217;al\u00e7a el preu del viatge en els 20 dies immediatament anteriors a la data de sortida. Si l&#8217;augment de preu excedeix el vuit per cent del preu del viatge combinat, el viatger pot posar fi al contracte notificant-ho a l&#8217;organitzadora.<\/p>\n<p>Els pagaments i reemborsaments de totes les operacions es faran en euros (EUR). Si la vostra targeta de cr\u00e8dit\/d\u00e8bit no est\u00e0 denominada a EUROS, el tipus de canvi l&#8217;aplicar\u00e0 l&#8217;entitat banc\u00e0ria corresponent segons el tipus de canvi de mercat i podr\u00e0 variar respecte al preu indicat a la nostra web.<\/p>\n<p>Els m\u00e8todes de pagament disponibles a la nostra web es mostraran en el proc\u00e9s de finalitzaci\u00f3 de la reserva.<\/p>\n<p><b>www.viap.es<\/b> utilitzar\u00e0 sempre mitjans de pagament amb assegurances. <b>www.viap.es<\/b> no guardar\u00e0 als seus arxius la informaci\u00f3 referent a les dades de les targetes utilitzades. En la utilitzaci\u00f3 de la targeta d&#8217;d\u00e8bit\/cr\u00e8dit l&#8217;usuari confirma que la targeta utilitzada \u00e9s seva o ha estat degudament autoritzat pel propietari de la targeta per utilitzar-la. Les transaccions amb targeta de cr\u00e8dit\/d\u00e8bit estaran subjectes a un control de seguretat i validaci\u00f3 per part de l&#8217;entitat emissora de la mateixa. En cas que l&#8217;entitat emissora de la targeta denegui la transacci\u00f3, <b>www.viap.es<\/b> no ser\u00e0 responsable dels retards o cancel\u00b7lacions de les operacions. Quan l&#8217;aportaci\u00f3 de fons s&#8217;efectu\u00ef mitjan\u00e7ant targeta de cr\u00e8dit o de d\u00e8bit les despeses o comissions que l&#8217;entitat prove\u00efdora del servei de pagaments li hagi cobrat a <b>www.viap.es<\/b> seran de compte exclusiu del client.<\/p>\n<h2>CONFIRMACI\u00d3 DE LA COMANDA<\/h2>\n<p>Les ordres estan subjectes a la seva acceptaci\u00f3 per part de <b>www.viap.es<\/b> , perqu\u00e8 l&#8217;usuari compleixi i accepti les CONDICIONS GENERALS DE RESERVA ia la disponibilitat del mercat. <b>www.viap.es<\/b> <b>m<\/b> es reserva el dret de no acceptar la comanda en cas que la informaci\u00f3 de pagament no sigui aprovada, o que es detecti qualsevol altre tipus d&#8217;incid\u00e8ncia relativa a les Condicions Generals d&#8217;\u00das del portal. Quan faci una operaci\u00f3 a trav\u00e9s de la nostra web podem enviar-li un correu electr\u00f2nic de confirmaci\u00f3 que tindr\u00e0 detalls de la transacci\u00f3. Verifiqueu que els detalls del missatge de confirmaci\u00f3 siguin correctes com m\u00e9s aviat millor i deseu una c\u00f2pia per al vostre registre.<\/p>\n<h2>DRET DE DESISTIMENT<\/h2>\n<p>Les transaccions realitzades a la nostra web, inclouen: viatges, activitats i serveis tur\u00edstics que es contracten directament amb diferents prove\u00efdors i tour operadors. Totes elles gaudeixen del dret de desistiment en els termes i condicions de devoluci\u00f3 que per a cada producte el prestatari del servei estableix al contracte de viatge combinat o en la compra de serveis aut\u00f2noms en cada cas i de les quals vost\u00e8 ser\u00e0 coneixedor abans d&#8217;acceptar el pagament.<\/p>\n<p>&nbsp;<\/p>\n<h2>EL NOSTRE DRET A MODIFICAR AQUESTES CONDICIONS<\/h2>\n<p><b>www.viap.es<\/b> podr\u00e0 revisar i modificar aquestes Condicions en qualsevol moment.<\/p>\n<p>Vost\u00e8 estar\u00e0 subjecte a les pol\u00edtiques i Condicions vigents en el moment en qu\u00e8 faci servir aquesta p\u00e0gina web o efectu\u00ef cada operaci\u00f3, llevat que per llei o decisi\u00f3 d&#8217;organismes governamentals h\u00e0gim de fer canvis amb car\u00e0cter retroactiu en aquestes pol\u00edtiques, Condicions o <b>POL\u00cdTICA DE PRIVACITAT<\/b>, en aquest cas, els possibles canvis afectaran tamb\u00e9 les comandes que vost\u00e8 hagu\u00e9s fet pr\u00e8viament.<\/p>\n<h2>PROTECCI\u00d3 DE DADES DE CAR\u00c0CTER PERSONAL<\/h2>\n<p>D&#8217;acord amb el que estableix el Reglament General de Protecci\u00f3 de Dades de Car\u00e0cter Personal i la resta de normativa aplicable en la mat\u00e8ria, us informem que les dades personals que ens faciliti a trav\u00e9s del nostre lloc web o mitjan\u00e7ant enviaments de correus electr\u00f2nics, seran tractats per <b>www.viap.es<\/b> com a responsable del tractament per poder realitzar les transaccions sol\u00b7liticates, aix\u00ed com rebre notificacions peri\u00f2diques a trav\u00e9s de mitjans electr\u00f2niques. La legitimaci\u00f3 del tractament rau en la prestaci\u00f3 dels serveis sol\u00b7licitats. Podeu ampliar m\u00e9s informaci\u00f3 sobre el tractament de les vostres dades les finalitats descrites a la <b>POL\u00cdTICA DE PRIVACITAT<\/b> , la qual ha de ser llegida, compresa i acceptada per a la utilitzaci\u00f3 dels serveis present portal web.<\/p>\n<p><b>www.viap.es<\/b> es compromet al compliment de l&#8217;obligaci\u00f3 de secret de les dades de car\u00e0cter personal, per aix\u00f2 ha adoptat les mesures necess\u00e0ries per evitar la seva alteraci\u00f3, p\u00e8rdua, tractament o acc\u00e9s no autoritzat, tenint en compte en tot moment de l&#8217;estat de la tecnologia.<\/p>\n<p>En qualsevol cas, tots els usuaris tenen dret a exercitar, en qualsevol moment, els drets d&#8217;acc\u00e9s, rectificaci\u00f3, limitaci\u00f3 del tractament, supressi\u00f3, oposici\u00f3, limitaci\u00f3 del tractament i portabilitat de dades que us assisteixen, mitjan\u00e7ant escrit dirigit a <b>www.viap .es<\/b> a l&#8217;adre\u00e7a electr\u00f2nica <b>viap@viap.es<\/b> , acreditant la seva identitat. En el cas que considereu, podeu presentar una reclamaci\u00f3 davant l&#8217;Ag\u00e8ncia Espanyola de Protecci\u00f3 de Dades.<\/p>\n<h2>EXONERACI\u00d3 DE RESPONSABILITAT<\/h2>\n<p>No serem responsables per cap incompliment o retard en el compliment d&#8217;alguna de les obligacions assumides, quan aquest sigui degut a esdeveniments que estan fora del nostre control raonable (\u201cCausa de For\u00e7a Major\u201d). Les Causes de For\u00e7a Major inclouran qualsevol acte, esdeveniment, manca d&#8217;exercici, omissi\u00f3 o accident que estigui fora del nostre control raonable i entre d&#8217;altres, els seg\u00fcents:<\/p>\n<p>(i) Vagues, tancaments patronals o altres mesures reivindicatives.<\/p>\n<p>(ii) Commoci\u00f3 civil, revolta, invasi\u00f3, amena\u00e7a o atac terrorista, guerra (declarada o no) Amena\u00e7a o preparatius de guerra.<\/p>\n<p>(iii) Incendi, explosi\u00f3, tempesta, inundaci\u00f3, terratr\u00e8mol, enfonsament, epid\u00e8mia o qualsevol altre desastre natural.<\/p>\n<p>(iv) Impossibilitat d&#8217;\u00fas de trens, vaixells, avions, transports de motor o altres mitjans de transport, p\u00fablics o privats.<\/p>\n<p>(v) Impossibilitat d&#8217;utilitzar sistemes p\u00fablics o privats de telecomunicacions.<\/p>\n<p>(vi) Actes, decrets, legislaci\u00f3, normativa o restriccions de qualsevol govern o autoritat p\u00fablica.<\/p>\n<p>S&#8217;entendr\u00e0 que les obligacions quedaran suspeses durant el per\u00edode en qu\u00e8 la Causa de For\u00e7a Major continu\u00ef, i disposarem d&#8217;una ampliaci\u00f3 en el termini per complir aquestes obligacions per un per\u00edode de temps igual al que duri la Causa de For\u00e7a Major. Posarem tots els mitjans raonables perqu\u00e8 finalitzi la Causa de For\u00e7a Major o per trobar una soluci\u00f3 que ens permeti complir les nostres obligacions malgrat la Causa de For\u00e7a Major.<\/p>\n<h2>INTEGRITAT<\/h2>\n<p>Les presents Condicions i tot document a qu\u00e8 es faci refer\u00e8ncia expressa en aquestes constitueixen l&#8217;acord \u00edntegre existent entre vost\u00e8 i nosaltres en relaci\u00f3 amb l&#8217;objecte de les mateixes i substitueixen qualsevol altre pacte, acord o promesa anterior convinguda entre vost\u00e8 i nosaltres verbalment o per escrit.<\/p>\n<p>Vost\u00e8 i nosaltres reconeixem haver consentit la celebraci\u00f3 d&#8217;un contracte sense haver confiat en cap declaraci\u00f3 o promesa feta per l&#8217;altra banda o que pogu\u00e9s inferir-se de qualsevol declaraci\u00f3 o escrit a les negociacions entaulades pels dos abans del mateix, llevat del que figura expressament esmentat a les presents Condicions.<\/p>\n<p>Ni vost\u00e8 ni nosaltres disposarem d&#8217;acci\u00f3 davant de qualsevol declaraci\u00f3 incerta realitzada per l&#8217;altra part, verbal o escrita, abans de la data d&#8217;un contracte (llevat que s&#8217;hagu\u00e9s fet aquesta declaraci\u00f3 incerta de forma fraudulenta) i l&#8217;\u00fanica acci\u00f3 de qu\u00e8 disposar\u00e0 l&#8217;altra part ser\u00e0 per incompliment de contracte de conformitat amb el que disposen aquestes Condicions.<\/p>\n<p>Si alguna de les presents Condicions o alguna disposici\u00f3 d&#8217;un contracte fossin declarades nul\u00b7les i sense efecte per resoluci\u00f3 ferma dictada per autoritat competent, els altres termes i condicions restaran en vigor, sense que quedin afectats per aquesta declaraci\u00f3 de nul\u00b7litat.<\/p>\n<h2>FUR I LEGISLACI\u00d3 APLICABLE<\/h2>\n<p>La venda s&#8217;ent\u00e9n efectuada en territori espanyol, per la qual cosa per a totes les q\u00fcestions interpretatives o litigioses poguessin plantejar-se, ser\u00e0 aplicable la legislaci\u00f3 espanyola i, en cas de controv\u00e8rsia, ambdues parts acorden sotmetre&#8217;s, amb ren\u00fancia a qualsevol altre fur que li pogu\u00e9s correspondre, a la jurisdicci\u00f3 dels Jutjats i Tribunals del domicili del Consumidor.<\/p>\n<p>Finalment, recordem als clients que en el cas de vulguin presentar una reclamaci\u00f3 per alguna incid\u00e8ncia a la relaci\u00f3 contractual poden presentar la reclamaci\u00f3 oportuna omplint el seg\u00fcent formulari electr\u00f2nic: http:\/\/ec.europa.eu\/consumers\/odr\/.<\/p>\n","protected":false},"excerpt":{"rendered":"<p>INTRODUCCI\u00d3 Aquest document, conjuntament amb els termes i \u00fas del web , estableixen les condicions de reserva de viatges i la resta de serveis oferts (d&#8217;ara endavant, les \u201cCondicions\u201d). Us preguem que llegiu atentament les Condicions abans de realitzar qualsevol transacci\u00f3. En utilitzar aquesta p\u00e0gina web o fer una comanda a trav\u00e9s de la mateixa, [&hellip;]<\/p>\n","protected":false},"author":1,"featured_media":0,"parent":0,"menu_order":0,"comment_status":"closed","ping_status":"closed","template":"","meta":{"footnotes":""},"class_list":["post-697","page","type-page","status-publish","hentry"],"acf":[],"yoast_head":"<!-- This site is optimized with the Yoast SEO plugin v27.4 - https:\/\/yoast.com\/product\/yoast-seo-wordpress\/ -->\n<title>Termes i condicions - Viap Travel<\/title>\n<meta name=\"robots\" content=\"noindex, follow\" \/>\n<meta property=\"og:locale\" content=\"ca_ES\" \/>\n<meta property=\"og:type\" content=\"article\" \/>\n<meta property=\"og:title\" content=\"Termes i condicions - Viap Travel\" \/>\n<meta property=\"og:description\" content=\"INTRODUCCI\u00d3 Aquest document, conjuntament amb els termes i \u00fas del web , estableixen les condicions de reserva de viatges i la resta de serveis oferts (d&#8217;ara endavant, les \u201cCondicions\u201d). Us preguem que llegiu atentament les Condicions abans de realitzar qualsevol transacci\u00f3. En utilitzar aquesta p\u00e0gina web o fer una comanda a trav\u00e9s de la mateixa, [&hellip;]\" \/>\n<meta property=\"og:url\" content=\"https:\/\/www.viap.es\/ca\/termes-i-condicions\/\" \/>\n<meta property=\"og:site_name\" content=\"Viap Travel\" \/>\n<meta property=\"article:modified_time\" content=\"2022-11-07T11:09:39+00:00\" \/>\n<meta name=\"twitter:card\" content=\"summary_large_image\" \/>\n<meta name=\"twitter:label1\" content=\"Temps estimat de lectura\" \/>\n\t<meta name=\"twitter:data1\" content=\"11 minuts\" \/>\n<script type=\"application\/ld+json\" class=\"yoast-schema-graph\">{\"@context\":\"https:\\\/\\\/schema.org\",\"@graph\":[{\"@type\":\"WebPage\",\"@id\":\"https:\\\/\\\/www.viap.es\\\/ca\\\/termes-i-condicions\\\/\",\"url\":\"https:\\\/\\\/www.viap.es\\\/ca\\\/termes-i-condicions\\\/\",\"name\":\"Termes i condicions - Viap Travel\",\"isPartOf\":{\"@id\":\"https:\\\/\\\/www.viap.es\\\/ca\\\/#website\"},\"datePublished\":\"2022-06-30T05:17:42+00:00\",\"dateModified\":\"2022-11-07T11:09:39+00:00\",\"breadcrumb\":{\"@id\":\"https:\\\/\\\/www.viap.es\\\/ca\\\/termes-i-condicions\\\/#breadcrumb\"},\"inLanguage\":\"ca\",\"potentialAction\":[{\"@type\":\"ReadAction\",\"target\":[\"https:\\\/\\\/www.viap.es\\\/ca\\\/termes-i-condicions\\\/\"]}]},{\"@type\":\"BreadcrumbList\",\"@id\":\"https:\\\/\\\/www.viap.es\\\/ca\\\/termes-i-condicions\\\/#breadcrumb\",\"itemListElement\":[{\"@type\":\"ListItem\",\"position\":1,\"name\":\"Portada\",\"item\":\"https:\\\/\\\/www.viap.es\\\/ca\\\/\"},{\"@type\":\"ListItem\",\"position\":2,\"name\":\"Termes i condicions\"}]},{\"@type\":\"WebSite\",\"@id\":\"https:\\\/\\\/www.viap.es\\\/ca\\\/#website\",\"url\":\"https:\\\/\\\/www.viap.es\\\/ca\\\/\",\"name\":\"Viap Travel\",\"description\":\"Viap Travel\",\"publisher\":{\"@id\":\"https:\\\/\\\/www.viap.es\\\/ca\\\/#organization\"},\"potentialAction\":[{\"@type\":\"SearchAction\",\"target\":{\"@type\":\"EntryPoint\",\"urlTemplate\":\"https:\\\/\\\/www.viap.es\\\/ca\\\/?s={search_term_string}\"},\"query-input\":{\"@type\":\"PropertyValueSpecification\",\"valueRequired\":true,\"valueName\":\"search_term_string\"}}],\"inLanguage\":\"ca\"},{\"@type\":\"Organization\",\"@id\":\"https:\\\/\\\/www.viap.es\\\/ca\\\/#organization\",\"name\":\"Viap Travel\",\"url\":\"https:\\\/\\\/www.viap.es\\\/ca\\\/\",\"logo\":{\"@type\":\"ImageObject\",\"inLanguage\":\"ca\",\"@id\":\"https:\\\/\\\/www.viap.es\\\/ca\\\/#\\\/schema\\\/logo\\\/image\\\/\",\"url\":\"https:\\\/\\\/www.viap.es\\\/wp-content\\\/uploads\\\/2022\\\/06\\\/logo.png\",\"contentUrl\":\"https:\\\/\\\/www.viap.es\\\/wp-content\\\/uploads\\\/2022\\\/06\\\/logo.png\",\"width\":263,\"height\":48,\"caption\":\"Viap Travel\"},\"image\":{\"@id\":\"https:\\\/\\\/www.viap.es\\\/ca\\\/#\\\/schema\\\/logo\\\/image\\\/\"}}]}<\/script>\n<!-- \/ Yoast SEO plugin. -->","yoast_head_json":{"title":"Termes i condicions - Viap Travel","robots":{"index":"noindex","follow":"follow"},"og_locale":"ca_ES","og_type":"article","og_title":"Termes i condicions - Viap Travel","og_description":"INTRODUCCI\u00d3 Aquest document, conjuntament amb els termes i \u00fas del web , estableixen les condicions de reserva de viatges i la resta de serveis oferts (d&#8217;ara endavant, les \u201cCondicions\u201d). Us preguem que llegiu atentament les Condicions abans de realitzar qualsevol transacci\u00f3. En utilitzar aquesta p\u00e0gina web o fer una comanda a trav\u00e9s de la mateixa, [&hellip;]","og_url":"https:\/\/www.viap.es\/ca\/termes-i-condicions\/","og_site_name":"Viap Travel","article_modified_time":"2022-11-07T11:09:39+00:00","twitter_card":"summary_large_image","twitter_misc":{"Temps estimat de lectura":"11 minuts"},"schema":{"@context":"https:\/\/schema.org","@graph":[{"@type":"WebPage","@id":"https:\/\/www.viap.es\/ca\/termes-i-condicions\/","url":"https:\/\/www.viap.es\/ca\/termes-i-condicions\/","name":"Termes i condicions - Viap Travel","isPartOf":{"@id":"https:\/\/www.viap.es\/ca\/#website"},"datePublished":"2022-06-30T05:17:42+00:00","dateModified":"2022-11-07T11:09:39+00:00","breadcrumb":{"@id":"https:\/\/www.viap.es\/ca\/termes-i-condicions\/#breadcrumb"},"inLanguage":"ca","potentialAction":[{"@type":"ReadAction","target":["https:\/\/www.viap.es\/ca\/termes-i-condicions\/"]}]},{"@type":"BreadcrumbList","@id":"https:\/\/www.viap.es\/ca\/termes-i-condicions\/#breadcrumb","itemListElement":[{"@type":"ListItem","position":1,"name":"Portada","item":"https:\/\/www.viap.es\/ca\/"},{"@type":"ListItem","position":2,"name":"Termes i condicions"}]},{"@type":"WebSite","@id":"https:\/\/www.viap.es\/ca\/#website","url":"https:\/\/www.viap.es\/ca\/","name":"Viap Travel","description":"Viap Travel","publisher":{"@id":"https:\/\/www.viap.es\/ca\/#organization"},"potentialAction":[{"@type":"SearchAction","target":{"@type":"EntryPoint","urlTemplate":"https:\/\/www.viap.es\/ca\/?s={search_term_string}"},"query-input":{"@type":"PropertyValueSpecification","valueRequired":true,"valueName":"search_term_string"}}],"inLanguage":"ca"},{"@type":"Organization","@id":"https:\/\/www.viap.es\/ca\/#organization","name":"Viap Travel","url":"https:\/\/www.viap.es\/ca\/","logo":{"@type":"ImageObject","inLanguage":"ca","@id":"https:\/\/www.viap.es\/ca\/#\/schema\/logo\/image\/","url":"https:\/\/www.viap.es\/wp-content\/uploads\/2022\/06\/logo.png","contentUrl":"https:\/\/www.viap.es\/wp-content\/uploads\/2022\/06\/logo.png","width":263,"height":48,"caption":"Viap Travel"},"image":{"@id":"https:\/\/www.viap.es\/ca\/#\/schema\/logo\/image\/"}}]}},"_links":{"self":[{"href":"https:\/\/www.viap.es\/ca\/wp-json\/wp\/v2\/pages\/697","targetHints":{"allow":["GET"]}}],"collection":[{"href":"https:\/\/www.viap.es\/ca\/wp-json\/wp\/v2\/pages"}],"about":[{"href":"https:\/\/www.viap.es\/ca\/wp-json\/wp\/v2\/types\/page"}],"author":[{"embeddable":true,"href":"https:\/\/www.viap.es\/ca\/wp-json\/wp\/v2\/users\/1"}],"replies":[{"embeddable":true,"href":"https:\/\/www.viap.es\/ca\/wp-json\/wp\/v2\/comments?post=697"}],"version-history":[{"count":0,"href":"https:\/\/www.viap.es\/ca\/wp-json\/wp\/v2\/pages\/697\/revisions"}],"wp:attachment":[{"href":"https:\/\/www.viap.es\/ca\/wp-json\/wp\/v2\/media?parent=697"}],"curies":[{"name":"wp","href":"https:\/\/api.w.org\/{rel}","templated":true}]}}