{"id":10303,"date":"2023-04-26T11:27:25","date_gmt":"2023-04-26T09:27:25","guid":{"rendered":"https:\/\/www.viap.es\/rechtlicher-hinweis\/"},"modified":"2023-04-26T12:49:57","modified_gmt":"2023-04-26T10:49:57","slug":"rechtlicher-hinweis","status":"publish","type":"page","link":"https:\/\/www.viap.es\/de\/rechtlicher-hinweis\/","title":{"rendered":"Rechtlicher Hinweis"},"content":{"rendered":"\t\t<div data-elementor-type=\"wp-page\" data-elementor-id=\"10303\" class=\"elementor elementor-10303 elementor-10265\" data-elementor-post-type=\"page\">\n\t\t\t\t\t\t<section class=\"elementor-section elementor-top-section elementor-element elementor-element-004c6d3 elementor-section-boxed elementor-section-height-default elementor-section-height-default\" data-id=\"004c6d3\" data-element_type=\"section\" data-e-type=\"section\">\n\t\t\t\t\t\t<div class=\"elementor-container elementor-column-gap-default\">\n\t\t\t\t\t<div class=\"elementor-column elementor-col-100 elementor-top-column elementor-element elementor-element-eca508e\" data-id=\"eca508e\" data-element_type=\"column\" data-e-type=\"column\">\n\t\t\t<div class=\"elementor-widget-wrap elementor-element-populated\">\n\t\t\t\t\t\t<div class=\"elementor-element elementor-element-da78cee elementor-widget elementor-widget-text-editor\" data-id=\"da78cee\" data-element_type=\"widget\" data-e-type=\"widget\" data-widget_type=\"text-editor.default\">\n\t\t\t\t<div class=\"elementor-widget-container\">\n\t\t\t\t\t\t\t\t\t\n          <p>\n            <b style=\"font-size: revert; color: var( --e-global-color-text );\">Inhaber der Website und Kontaktangaben<\/b>\n            <br>\n          <\/p>\n          \n\n          <p>www.viap.es ist eine Internet-Domain im Besitz von VIAP BUSINESS TRAVEL, S.L. (im Folgenden VIAP ) mit CIF\/NIF B60653979 und der Adresse CAPITAN ARENAS 38-40, PRINCIPAL 2\u00aa 08017 BARCELONA (BARCELONA). BARCELONA Handelsregister T 27490, F53, S 8, H B 118411.<\/p>\n          \n\n          <p>Der Zweck der Website ist die Verwaltung von Online-Buchungen und die Darstellung von Reiseangeboten f\u00fcr Unternehmen.<\/p>\n          \n\n          <p>Bitte z\u00f6gern Sie nicht, uns zu kontaktieren:<\/p>\n          \n\n          <p>Telefonisch, unter der Nummer + 34 93 409 34 40<br>Per E-Mail, indem Sie an viap@viap.es schreiben.<br>Schriftlich, gerichtet an VIAP, CAPITAN ARENAS 38-40, PRINCIPAL 2\u00aa 08017 BARCELONA (BARCELONA)<br>F\u00fcr weitere Informationen steht Ihnen VIAP gerne zur Verf\u00fcgung.<\/p>\n          \n\n          <p>\n            <b>Bedingungen f\u00fcr die Nutzung der Website<\/b>\n          <\/p>\n          \n\n          <p>Diese Nutzungsbedingungen regeln den Zugang von VIAP-Kunden zu dieser Website. und andere Internetnutzer. Durch die blo\u00dfe Nutzung dieser Website erkl\u00e4rt der Nutzer sein uneingeschr\u00e4nktes Einverst\u00e4ndnis mit diesen Nutzungsbedingungen.<\/p>\n          \n\n          <p>VIAP beh\u00e4lt sich das einseitige Recht vor, diese Bedingungen f\u00fcr den Zugang zur Website sowie die darin enthaltenen Inhalte zu \u00e4ndern.<\/p>\n          \n\n          <p>\n            <b>Begrenzung und Ausschluss der Haftung<\/b>\n          <\/p>\n          \n\n          <p>Der Inhalt dieser Website ist allgemeiner Natur und dient nur zu Informationszwecken. VIAP lehnt jede Verantwortung f\u00fcr Informationen ab, die nicht von VIAP erstellt oder in seinem Namen auf eine nicht von VIAP genehmigte Weise ver\u00f6ffentlicht wurden, sowie jede Haftung, die sich aus dem Missbrauch der Inhalte durch Dritte ergibt.<\/p>\n          \n\n          <p>Der Nutzer entbindet VIAP von jeglicher Haftung, die sich aus der Unterbrechung der Verf\u00fcgbarkeit der Website ergeben k\u00f6nnte, sei es aufgrund einer St\u00f6rung des Webservers oder der Anwendungen, der Kommunikationsinfrastrukturen oder der f\u00fcr das Surfen verwendeten Software und Hardware.<\/p>\n          \n\n          <p>Im Falle der Aufnahme von Links zu anderen Websites lehnt VIAP jede Verantwortung im Zusammenhang mit dem Zugang und der Nutzung dieser Links ab.<\/p>\n          \n\n          <p>\n            <b>Geistiges und gewerbliches Eigentum<\/b>\n          <\/p>\n          \n\n          <p>Die gesamte Website ist durch Gesetze zum Schutz des geistigen und gewerblichen Eigentums gesch\u00fctzt. Sofern nicht anders angegeben, liegen die geistigen Eigentumsrechte an diesen Inhalten ausschlie\u00dflich bei VIAP. Der Nutzer erkennt an, dass die Nutzung der Inhalte strikt auf den pers\u00f6nlichen Gebrauch des Nutzers beschr\u00e4nkt ist und dass jede unerlaubte Vervielf\u00e4ltigung, Verbreitung, \u00dcbermittlung oder Umgestaltung dieser Werke eine Verletzung der Rechte des geistigen Eigentums darstellt.<\/p>\n          \n\n          <p>Der Nutzer unterl\u00e4sst es auch, die Inhalte und insbesondere die \u00fcber die Website erhaltenen Informationen jeglicher Art zu verwenden, um Werbung, Mitteilungen zum Zwecke des Direktverkaufs oder zu anderen kommerziellen Zwecken sowie unaufgeforderte, an eine Vielzahl von Personen gerichtete Nachrichten unabh\u00e4ngig von deren Zweck zu versenden. Sie unterl\u00e4sst es auch, diese Informationen zu vermarkten oder anderweitig weiterzugeben.<\/p>\n          \n\n          <p>www.viap.es ist eine VIAP-Dom\u00e4ne. Darf ohne ausdr\u00fcckliche vorherige Genehmigung nicht in Verbindung mit anderen Produkten oder Dienstleistungen, die nicht von VIAP stammen, in einer Weise verwendet werden, die geeignet ist, bei unseren Kunden Verwirrung zu stiften oder VIAP in Misskredit zu bringen.<\/p>\n          \n\n          <p>\n            <b>Richtlinie f\u00fcr die Verlinkung mit dieser Website<\/b>\n          <\/p>\n          \n\n          <p>Wenn ein Nutzer, eine Einrichtung oder eine Website einen Link zu dieser Website herstellen m\u00f6chte, muss er\/sie vor der Herstellung des Links eine schriftliche Genehmigung einholen.<\/p>\n          \n\n          <p>Au\u00dferdem ist es nur erlaubt, auf die Startseite der Website zu verlinken. Der Link muss absolut und vollst\u00e4ndig sein, d. h. er muss den Nutzer zur VIAP-Adresse selbst f\u00fchren und die gesamte Bildschirmgr\u00f6\u00dfe der Seite, die den Link enth\u00e4lt, einnehmen. Unter keinen Umst\u00e4nden, au\u00dfer mit ausdr\u00fccklicher schriftlicher Genehmigung von VIAP, darf die Seite, die den Link herstellt, die VIAP-Website in irgendeiner Weise reproduzieren, sie als Teil ihrer Website oder innerhalb eines ihrer Frames auf einer der Seiten oder Inhalte dieser Website einbinden.<\/p>\n          \n\n          <p>Es d\u00fcrfen keine falschen, ungenauen oder unrichtigen Angaben \u00fcber die Seiten dieser Website oder die darin angebotenen Dienstleistungen gemacht werden.<\/p>\n          \n\n          <p>Der Link darf keine Marke, keinen Handelsnamen, kein Gesch\u00e4ftszeichen, keine Bezeichnung, kein Logo, keinen Slogan und keine anderen unterscheidungskr\u00e4ftigen Zeichen von VIAP enthalten.<\/p>\n          \n\n          <p>VIAP ist unter keinen Umst\u00e4nden verantwortlich f\u00fcr die Inhalte oder Dienstleistungen, die der \u00d6ffentlichkeit auf der Website, von der aus der Hyperlink hergestellt wird, zur Verf\u00fcgung gestellt werden, noch f\u00fcr die darin enthaltenen Informationen oder Aussagen.<\/p>\n          \n\n          <p>\n            <b>Schutz von personenbezogenen Daten<\/b>\n          <\/p>\n          \n\n          <p>Die Nutzung dieser Website und ihrer Formulare setzt die Zustimmung zur Verarbeitung von Benutzerdaten unter der Verantwortung von VIAP BUSINESS TRAVEL, S.L. voraus, und zwar zu Zwecken, die die Bereitstellung der Website, die Sammlung von Zugangsdaten und die Zusendung von kommerziellen Informationen auf elektronischem Wege in bestimmten F\u00e4llen umfassen.<\/p>\n          \n\n          <p>Bitte lesen Sie die Datenschutzrichtlinie sorgf\u00e4ltig durch, um weitere detaillierte Informationen zu erhalten, einschlie\u00dflich der Frage, wie wir Nutzerdaten verwenden und wie Sie Ihre Rechte auf Auskunft, Berichtigung, L\u00f6schung, Widerspruch und andere Datenschutzrechte aus\u00fcben k\u00f6nnen.<\/p>\n          \n\n          <p>\n            <b>Cookies<\/b>\n          <\/p>\n          \n\n          <p>Diese Website verwendet eigene Cookies und Cookies von Drittanbietern zu verschiedenen Zwecken, u. a. f\u00fcr Analysen und auf die Interessen der Nutzer zugeschnittene Werbung. Sie k\u00f6nnen Ihre Pr\u00e4ferenzen jederzeit \u00fcber das in diese Website integrierte Cookie-Konfigurationssystem konfigurieren und die Verwendung von Cookies f\u00fcr Ihre Zwecke aktivieren bzw. deaktivieren.<\/p>\n          \n\n          <p>Bitte lesen Sie unsere Cookie-Richtlinie sorgf\u00e4ltig durch, um zu erfahren, welche Arten von Cookies verwendet werden und wie Sie diese in Ihrem Browser blockieren und l\u00f6schen k\u00f6nnen.<\/p>\n          \n\n          <p>\n            <b>Pr\u00e4valenz der spanischen Version<\/b>\n          <\/p>\n          \n\n          <p>Sollte dieser rechtliche Hinweis in andere Sprachen \u00fcbersetzt werden, so ist im Falle einer Abweichung die spanische Fassung ma\u00dfgebend.<\/p>\n          \n\n          <p>\n            <strong>Anwendbares Recht und Gerichtsbarkeit<\/strong>\n          <\/p>\n          \n\n          <p>Die vorliegenden rechtlichen Hinweise sowie die Beziehungen zwischen VIAP und den Nutzern unterliegen der geltenden spanischen Gesetzgebung, und f\u00fcr alle Streitigkeiten sind die Gerichte von BARCELONA zust\u00e4ndig, au\u00dfer im Falle von Verbrauchern und Nutzern, f\u00fcr die die Gerichte ihres Wohnsitzes zust\u00e4ndig sind.<\/p>\n          \n\n          <p>\u00a9 VIAP<\/p>\n        \t\t\t\t\t\t\t\t<\/div>\n\t\t\t\t<\/div>\n\t\t\t\t\t<\/div>\n\t\t<\/div>\n\t\t\t\t\t<\/div>\n\t\t<\/section>\n\t\t\t\t<\/div>\n\t\t","protected":false},"excerpt":{"rendered":"<p>Inhaber der Website und Kontaktangaben www.viap.es ist eine Internet-Domain im Besitz von VIAP BUSINESS TRAVEL, S.L. (im Folgenden VIAP ) mit CIF\/NIF B60653979 und der Adresse CAPITAN ARENAS 38-40, PRINCIPAL 2\u00aa 08017 BARCELONA (BARCELONA). BARCELONA Handelsregister T 27490, F53, S 8, H B 118411. Der Zweck der Website ist die Verwaltung von Online-Buchungen und die [&hellip;]<\/p>\n","protected":false},"author":1,"featured_media":0,"parent":0,"menu_order":0,"comment_status":"closed","ping_status":"closed","template":"","meta":{"footnotes":""},"class_list":["post-10303","page","type-page","status-publish","hentry"],"acf":[],"yoast_head":"<!-- This site is optimized with the Yoast SEO plugin v27.4 - https:\/\/yoast.com\/product\/yoast-seo-wordpress\/ -->\n<title>Rechtlicher Hinweis - Viap Travel<\/title>\n<meta name=\"robots\" content=\"index, follow, max-snippet:-1, max-image-preview:large, max-video-preview:-1\" \/>\n<link rel=\"canonical\" href=\"https:\/\/www.viap.es\/de\/rechtlicher-hinweis\/\" \/>\n<meta property=\"og:locale\" content=\"de_DE\" \/>\n<meta property=\"og:type\" content=\"article\" \/>\n<meta property=\"og:title\" content=\"Rechtlicher Hinweis - Viap Travel\" \/>\n<meta property=\"og:description\" content=\"Inhaber der Website und Kontaktangaben www.viap.es ist eine Internet-Domain im Besitz von VIAP BUSINESS TRAVEL, S.L. (im Folgenden VIAP ) mit CIF\/NIF B60653979 und der Adresse CAPITAN ARENAS 38-40, PRINCIPAL 2\u00aa 08017 BARCELONA (BARCELONA). BARCELONA Handelsregister T 27490, F53, S 8, H B 118411. Der Zweck der Website ist die Verwaltung von Online-Buchungen und die [&hellip;]\" \/>\n<meta property=\"og:url\" content=\"https:\/\/www.viap.es\/de\/rechtlicher-hinweis\/\" \/>\n<meta property=\"og:site_name\" content=\"Viap Travel\" \/>\n<meta property=\"article:modified_time\" content=\"2023-04-26T10:49:57+00:00\" \/>\n<meta name=\"twitter:card\" content=\"summary_large_image\" \/>\n<meta name=\"twitter:label1\" content=\"Gesch\u00e4tzte Lesezeit\" \/>\n\t<meta name=\"twitter:data1\" content=\"5\u00a0Minuten\" \/>\n<script type=\"application\/ld+json\" class=\"yoast-schema-graph\">{\"@context\":\"https:\\\/\\\/schema.org\",\"@graph\":[{\"@type\":\"WebPage\",\"@id\":\"https:\\\/\\\/www.viap.es\\\/de\\\/rechtlicher-hinweis\\\/\",\"url\":\"https:\\\/\\\/www.viap.es\\\/de\\\/rechtlicher-hinweis\\\/\",\"name\":\"Rechtlicher Hinweis - Viap Travel\",\"isPartOf\":{\"@id\":\"https:\\\/\\\/www.viap.es\\\/de\\\/#website\"},\"datePublished\":\"2023-04-26T09:27:25+00:00\",\"dateModified\":\"2023-04-26T10:49:57+00:00\",\"breadcrumb\":{\"@id\":\"https:\\\/\\\/www.viap.es\\\/de\\\/rechtlicher-hinweis\\\/#breadcrumb\"},\"inLanguage\":\"de\",\"potentialAction\":[{\"@type\":\"ReadAction\",\"target\":[\"https:\\\/\\\/www.viap.es\\\/de\\\/rechtlicher-hinweis\\\/\"]}]},{\"@type\":\"BreadcrumbList\",\"@id\":\"https:\\\/\\\/www.viap.es\\\/de\\\/rechtlicher-hinweis\\\/#breadcrumb\",\"itemListElement\":[{\"@type\":\"ListItem\",\"position\":1,\"name\":\"Portada\",\"item\":\"https:\\\/\\\/www.viap.es\\\/de\\\/home-de\\\/\"},{\"@type\":\"ListItem\",\"position\":2,\"name\":\"Rechtlicher Hinweis\"}]},{\"@type\":\"WebSite\",\"@id\":\"https:\\\/\\\/www.viap.es\\\/de\\\/#website\",\"url\":\"https:\\\/\\\/www.viap.es\\\/de\\\/\",\"name\":\"Viap Travel\",\"description\":\"Viap Travel\",\"publisher\":{\"@id\":\"https:\\\/\\\/www.viap.es\\\/de\\\/#organization\"},\"potentialAction\":[{\"@type\":\"SearchAction\",\"target\":{\"@type\":\"EntryPoint\",\"urlTemplate\":\"https:\\\/\\\/www.viap.es\\\/de\\\/?s={search_term_string}\"},\"query-input\":{\"@type\":\"PropertyValueSpecification\",\"valueRequired\":true,\"valueName\":\"search_term_string\"}}],\"inLanguage\":\"de\"},{\"@type\":\"Organization\",\"@id\":\"https:\\\/\\\/www.viap.es\\\/de\\\/#organization\",\"name\":\"Viap Travel\",\"url\":\"https:\\\/\\\/www.viap.es\\\/de\\\/\",\"logo\":{\"@type\":\"ImageObject\",\"inLanguage\":\"de\",\"@id\":\"https:\\\/\\\/www.viap.es\\\/de\\\/#\\\/schema\\\/logo\\\/image\\\/\",\"url\":\"https:\\\/\\\/www.viap.es\\\/wp-content\\\/uploads\\\/2022\\\/06\\\/logo.png\",\"contentUrl\":\"https:\\\/\\\/www.viap.es\\\/wp-content\\\/uploads\\\/2022\\\/06\\\/logo.png\",\"width\":263,\"height\":48,\"caption\":\"Viap Travel\"},\"image\":{\"@id\":\"https:\\\/\\\/www.viap.es\\\/de\\\/#\\\/schema\\\/logo\\\/image\\\/\"}}]}<\/script>\n<!-- \/ Yoast SEO plugin. -->","yoast_head_json":{"title":"Rechtlicher Hinweis - Viap Travel","robots":{"index":"index","follow":"follow","max-snippet":"max-snippet:-1","max-image-preview":"max-image-preview:large","max-video-preview":"max-video-preview:-1"},"canonical":"https:\/\/www.viap.es\/de\/rechtlicher-hinweis\/","og_locale":"de_DE","og_type":"article","og_title":"Rechtlicher Hinweis - Viap Travel","og_description":"Inhaber der Website und Kontaktangaben www.viap.es ist eine Internet-Domain im Besitz von VIAP BUSINESS TRAVEL, S.L. (im Folgenden VIAP ) mit CIF\/NIF B60653979 und der Adresse CAPITAN ARENAS 38-40, PRINCIPAL 2\u00aa 08017 BARCELONA (BARCELONA). BARCELONA Handelsregister T 27490, F53, S 8, H B 118411. Der Zweck der Website ist die Verwaltung von Online-Buchungen und die [&hellip;]","og_url":"https:\/\/www.viap.es\/de\/rechtlicher-hinweis\/","og_site_name":"Viap Travel","article_modified_time":"2023-04-26T10:49:57+00:00","twitter_card":"summary_large_image","twitter_misc":{"Gesch\u00e4tzte Lesezeit":"5\u00a0Minuten"},"schema":{"@context":"https:\/\/schema.org","@graph":[{"@type":"WebPage","@id":"https:\/\/www.viap.es\/de\/rechtlicher-hinweis\/","url":"https:\/\/www.viap.es\/de\/rechtlicher-hinweis\/","name":"Rechtlicher Hinweis - Viap Travel","isPartOf":{"@id":"https:\/\/www.viap.es\/de\/#website"},"datePublished":"2023-04-26T09:27:25+00:00","dateModified":"2023-04-26T10:49:57+00:00","breadcrumb":{"@id":"https:\/\/www.viap.es\/de\/rechtlicher-hinweis\/#breadcrumb"},"inLanguage":"de","potentialAction":[{"@type":"ReadAction","target":["https:\/\/www.viap.es\/de\/rechtlicher-hinweis\/"]}]},{"@type":"BreadcrumbList","@id":"https:\/\/www.viap.es\/de\/rechtlicher-hinweis\/#breadcrumb","itemListElement":[{"@type":"ListItem","position":1,"name":"Portada","item":"https:\/\/www.viap.es\/de\/home-de\/"},{"@type":"ListItem","position":2,"name":"Rechtlicher Hinweis"}]},{"@type":"WebSite","@id":"https:\/\/www.viap.es\/de\/#website","url":"https:\/\/www.viap.es\/de\/","name":"Viap Travel","description":"Viap Travel","publisher":{"@id":"https:\/\/www.viap.es\/de\/#organization"},"potentialAction":[{"@type":"SearchAction","target":{"@type":"EntryPoint","urlTemplate":"https:\/\/www.viap.es\/de\/?s={search_term_string}"},"query-input":{"@type":"PropertyValueSpecification","valueRequired":true,"valueName":"search_term_string"}}],"inLanguage":"de"},{"@type":"Organization","@id":"https:\/\/www.viap.es\/de\/#organization","name":"Viap Travel","url":"https:\/\/www.viap.es\/de\/","logo":{"@type":"ImageObject","inLanguage":"de","@id":"https:\/\/www.viap.es\/de\/#\/schema\/logo\/image\/","url":"https:\/\/www.viap.es\/wp-content\/uploads\/2022\/06\/logo.png","contentUrl":"https:\/\/www.viap.es\/wp-content\/uploads\/2022\/06\/logo.png","width":263,"height":48,"caption":"Viap Travel"},"image":{"@id":"https:\/\/www.viap.es\/de\/#\/schema\/logo\/image\/"}}]}},"_links":{"self":[{"href":"https:\/\/www.viap.es\/de\/wp-json\/wp\/v2\/pages\/10303","targetHints":{"allow":["GET"]}}],"collection":[{"href":"https:\/\/www.viap.es\/de\/wp-json\/wp\/v2\/pages"}],"about":[{"href":"https:\/\/www.viap.es\/de\/wp-json\/wp\/v2\/types\/page"}],"author":[{"embeddable":true,"href":"https:\/\/www.viap.es\/de\/wp-json\/wp\/v2\/users\/1"}],"replies":[{"embeddable":true,"href":"https:\/\/www.viap.es\/de\/wp-json\/wp\/v2\/comments?post=10303"}],"version-history":[{"count":1,"href":"https:\/\/www.viap.es\/de\/wp-json\/wp\/v2\/pages\/10303\/revisions"}],"predecessor-version":[{"id":10304,"href":"https:\/\/www.viap.es\/de\/wp-json\/wp\/v2\/pages\/10303\/revisions\/10304"}],"wp:attachment":[{"href":"https:\/\/www.viap.es\/de\/wp-json\/wp\/v2\/media?parent=10303"}],"curies":[{"name":"wp","href":"https:\/\/api.w.org\/{rel}","templated":true}]}}