{"id":600,"date":"2022-06-27T11:06:11","date_gmt":"2022-06-27T09:06:11","guid":{"rendered":"https:\/\/viap.online\/?page_id=600"},"modified":"2025-03-18T10:30:57","modified_gmt":"2025-03-18T09:30:57","slug":"ueber-uns","status":"publish","type":"page","link":"https:\/\/www.viap.es\/de\/ueber-uns\/","title":{"rendered":"\u00dcber uns"},"content":{"rendered":"","protected":false},"excerpt":{"rendered":"","protected":false},"author":1,"featured_media":0,"parent":0,"menu_order":0,"comment_status":"closed","ping_status":"closed","template":"about.php","meta":{"footnotes":""},"class_list":["post-600","page","type-page","status-publish","hentry"],"acf":[],"yoast_head":"<!-- This site is optimized with the Yoast SEO plugin v27.4 - https:\/\/yoast.com\/product\/yoast-seo-wordpress\/ -->\n<title>Wir helfen Ihnen, Ihre Reisen mit maximaler Effizienz zu verwalten.<\/title>\n<meta name=\"description\" content=\"Seit 1994 hat VIAP den Geist beibehalten, in dem es gegr\u00fcndet wurde: &quot;Engagement und Berufung, einen pers\u00f6nlichen, modernen und effizienten Qualit\u00e4tsservice anzubieten&quot;.\" \/>\n<meta name=\"robots\" content=\"index, follow, max-snippet:-1, max-image-preview:large, max-video-preview:-1\" \/>\n<link rel=\"canonical\" href=\"https:\/\/www.viap.es\/de\/ueber-uns\/\" \/>\n<meta property=\"og:locale\" content=\"de_DE\" \/>\n<meta property=\"og:type\" content=\"article\" \/>\n<meta property=\"og:title\" content=\"Wir helfen Ihnen, Ihre Reisen mit maximaler Effizienz zu verwalten.\" \/>\n<meta property=\"og:description\" content=\"Seit 1994 hat VIAP den Geist beibehalten, in dem es gegr\u00fcndet wurde: &quot;Engagement und Berufung, einen pers\u00f6nlichen, modernen und effizienten Qualit\u00e4tsservice anzubieten&quot;.\" \/>\n<meta property=\"og:url\" content=\"https:\/\/www.viap.es\/de\/ueber-uns\/\" \/>\n<meta property=\"og:site_name\" content=\"Viap Travel\" \/>\n<meta property=\"article:modified_time\" content=\"2025-03-18T09:30:57+00:00\" \/>\n<meta name=\"twitter:card\" content=\"summary_large_image\" \/>\n<script type=\"application\/ld+json\" class=\"yoast-schema-graph\">{\"@context\":\"https:\\\/\\\/schema.org\",\"@graph\":[{\"@type\":\"WebPage\",\"@id\":\"https:\\\/\\\/www.viap.es\\\/de\\\/ueber-uns\\\/\",\"url\":\"https:\\\/\\\/www.viap.es\\\/de\\\/ueber-uns\\\/\",\"name\":\"Wir helfen Ihnen, Ihre Reisen mit maximaler Effizienz zu verwalten.\",\"isPartOf\":{\"@id\":\"https:\\\/\\\/www.viap.es\\\/de\\\/#website\"},\"datePublished\":\"2022-06-27T09:06:11+00:00\",\"dateModified\":\"2025-03-18T09:30:57+00:00\",\"description\":\"Seit 1994 hat VIAP den Geist beibehalten, in dem es gegr\u00fcndet wurde: \\\"Engagement und Berufung, einen pers\u00f6nlichen, modernen und effizienten Qualit\u00e4tsservice anzubieten\\\".\",\"breadcrumb\":{\"@id\":\"https:\\\/\\\/www.viap.es\\\/de\\\/ueber-uns\\\/#breadcrumb\"},\"inLanguage\":\"de\",\"potentialAction\":[{\"@type\":\"ReadAction\",\"target\":[\"https:\\\/\\\/www.viap.es\\\/de\\\/ueber-uns\\\/\"]}]},{\"@type\":\"BreadcrumbList\",\"@id\":\"https:\\\/\\\/www.viap.es\\\/de\\\/ueber-uns\\\/#breadcrumb\",\"itemListElement\":[{\"@type\":\"ListItem\",\"position\":1,\"name\":\"Portada\",\"item\":\"https:\\\/\\\/www.viap.es\\\/de\\\/home-de\\\/\"},{\"@type\":\"ListItem\",\"position\":2,\"name\":\"\u00dcber uns\"}]},{\"@type\":\"WebSite\",\"@id\":\"https:\\\/\\\/www.viap.es\\\/de\\\/#website\",\"url\":\"https:\\\/\\\/www.viap.es\\\/de\\\/\",\"name\":\"Viap Travel\",\"description\":\"Viap Travel\",\"publisher\":{\"@id\":\"https:\\\/\\\/www.viap.es\\\/de\\\/#organization\"},\"potentialAction\":[{\"@type\":\"SearchAction\",\"target\":{\"@type\":\"EntryPoint\",\"urlTemplate\":\"https:\\\/\\\/www.viap.es\\\/de\\\/?s={search_term_string}\"},\"query-input\":{\"@type\":\"PropertyValueSpecification\",\"valueRequired\":true,\"valueName\":\"search_term_string\"}}],\"inLanguage\":\"de\"},{\"@type\":\"Organization\",\"@id\":\"https:\\\/\\\/www.viap.es\\\/de\\\/#organization\",\"name\":\"Viap Travel\",\"url\":\"https:\\\/\\\/www.viap.es\\\/de\\\/\",\"logo\":{\"@type\":\"ImageObject\",\"inLanguage\":\"de\",\"@id\":\"https:\\\/\\\/www.viap.es\\\/de\\\/#\\\/schema\\\/logo\\\/image\\\/\",\"url\":\"https:\\\/\\\/www.viap.es\\\/wp-content\\\/uploads\\\/2022\\\/06\\\/logo.png\",\"contentUrl\":\"https:\\\/\\\/www.viap.es\\\/wp-content\\\/uploads\\\/2022\\\/06\\\/logo.png\",\"width\":263,\"height\":48,\"caption\":\"Viap Travel\"},\"image\":{\"@id\":\"https:\\\/\\\/www.viap.es\\\/de\\\/#\\\/schema\\\/logo\\\/image\\\/\"}}]}<\/script>\n<!-- \/ Yoast SEO plugin. -->","yoast_head_json":{"title":"Wir helfen Ihnen, Ihre Reisen mit maximaler Effizienz zu verwalten.","description":"Seit 1994 hat VIAP den Geist beibehalten, in dem es gegr\u00fcndet wurde: \"Engagement und Berufung, einen pers\u00f6nlichen, modernen und effizienten Qualit\u00e4tsservice anzubieten\".","robots":{"index":"index","follow":"follow","max-snippet":"max-snippet:-1","max-image-preview":"max-image-preview:large","max-video-preview":"max-video-preview:-1"},"canonical":"https:\/\/www.viap.es\/de\/ueber-uns\/","og_locale":"de_DE","og_type":"article","og_title":"Wir helfen Ihnen, Ihre Reisen mit maximaler Effizienz zu verwalten.","og_description":"Seit 1994 hat VIAP den Geist beibehalten, in dem es gegr\u00fcndet wurde: \"Engagement und Berufung, einen pers\u00f6nlichen, modernen und effizienten Qualit\u00e4tsservice anzubieten\".","og_url":"https:\/\/www.viap.es\/de\/ueber-uns\/","og_site_name":"Viap Travel","article_modified_time":"2025-03-18T09:30:57+00:00","twitter_card":"summary_large_image","schema":{"@context":"https:\/\/schema.org","@graph":[{"@type":"WebPage","@id":"https:\/\/www.viap.es\/de\/ueber-uns\/","url":"https:\/\/www.viap.es\/de\/ueber-uns\/","name":"Wir helfen Ihnen, Ihre Reisen mit maximaler Effizienz zu verwalten.","isPartOf":{"@id":"https:\/\/www.viap.es\/de\/#website"},"datePublished":"2022-06-27T09:06:11+00:00","dateModified":"2025-03-18T09:30:57+00:00","description":"Seit 1994 hat VIAP den Geist beibehalten, in dem es gegr\u00fcndet wurde: \"Engagement und Berufung, einen pers\u00f6nlichen, modernen und effizienten Qualit\u00e4tsservice anzubieten\".","breadcrumb":{"@id":"https:\/\/www.viap.es\/de\/ueber-uns\/#breadcrumb"},"inLanguage":"de","potentialAction":[{"@type":"ReadAction","target":["https:\/\/www.viap.es\/de\/ueber-uns\/"]}]},{"@type":"BreadcrumbList","@id":"https:\/\/www.viap.es\/de\/ueber-uns\/#breadcrumb","itemListElement":[{"@type":"ListItem","position":1,"name":"Portada","item":"https:\/\/www.viap.es\/de\/home-de\/"},{"@type":"ListItem","position":2,"name":"\u00dcber uns"}]},{"@type":"WebSite","@id":"https:\/\/www.viap.es\/de\/#website","url":"https:\/\/www.viap.es\/de\/","name":"Viap Travel","description":"Viap Travel","publisher":{"@id":"https:\/\/www.viap.es\/de\/#organization"},"potentialAction":[{"@type":"SearchAction","target":{"@type":"EntryPoint","urlTemplate":"https:\/\/www.viap.es\/de\/?s={search_term_string}"},"query-input":{"@type":"PropertyValueSpecification","valueRequired":true,"valueName":"search_term_string"}}],"inLanguage":"de"},{"@type":"Organization","@id":"https:\/\/www.viap.es\/de\/#organization","name":"Viap Travel","url":"https:\/\/www.viap.es\/de\/","logo":{"@type":"ImageObject","inLanguage":"de","@id":"https:\/\/www.viap.es\/de\/#\/schema\/logo\/image\/","url":"https:\/\/www.viap.es\/wp-content\/uploads\/2022\/06\/logo.png","contentUrl":"https:\/\/www.viap.es\/wp-content\/uploads\/2022\/06\/logo.png","width":263,"height":48,"caption":"Viap Travel"},"image":{"@id":"https:\/\/www.viap.es\/de\/#\/schema\/logo\/image\/"}}]}},"_links":{"self":[{"href":"https:\/\/www.viap.es\/de\/wp-json\/wp\/v2\/pages\/600","targetHints":{"allow":["GET"]}}],"collection":[{"href":"https:\/\/www.viap.es\/de\/wp-json\/wp\/v2\/pages"}],"about":[{"href":"https:\/\/www.viap.es\/de\/wp-json\/wp\/v2\/types\/page"}],"author":[{"embeddable":true,"href":"https:\/\/www.viap.es\/de\/wp-json\/wp\/v2\/users\/1"}],"replies":[{"embeddable":true,"href":"https:\/\/www.viap.es\/de\/wp-json\/wp\/v2\/comments?post=600"}],"version-history":[{"count":12,"href":"https:\/\/www.viap.es\/de\/wp-json\/wp\/v2\/pages\/600\/revisions"}],"predecessor-version":[{"id":11526,"href":"https:\/\/www.viap.es\/de\/wp-json\/wp\/v2\/pages\/600\/revisions\/11526"}],"wp:attachment":[{"href":"https:\/\/www.viap.es\/de\/wp-json\/wp\/v2\/media?parent=600"}],"curies":[{"name":"wp","href":"https:\/\/api.w.org\/{rel}","templated":true}]}}