{"id":681,"date":"2022-06-30T07:17:48","date_gmt":"2022-06-30T05:17:48","guid":{"rendered":"https:\/\/viap.online\/?page_id=681"},"modified":"2024-11-19T15:37:38","modified_gmt":"2024-11-19T14:37:38","slug":"datenschutzbestimmungen","status":"publish","type":"page","link":"https:\/\/www.viap.es\/de\/datenschutzbestimmungen\/","title":{"rendered":"Datenschutzbestimmungen"},"content":{"rendered":"\t\t<div data-elementor-type=\"wp-page\" data-elementor-id=\"681\" class=\"elementor elementor-681 elementor-228\" data-elementor-post-type=\"page\">\n\t\t\t\t\t\t<section class=\"elementor-section elementor-top-section elementor-element elementor-element-3c40a08c elementor-section-boxed elementor-section-height-default elementor-section-height-default\" data-id=\"3c40a08c\" data-element_type=\"section\" data-e-type=\"section\">\n\t\t\t\t\t\t<div class=\"elementor-container elementor-column-gap-default\">\n\t\t\t\t\t<div class=\"elementor-column elementor-col-100 elementor-top-column elementor-element elementor-element-6ff03610\" data-id=\"6ff03610\" data-element_type=\"column\" data-e-type=\"column\">\n\t\t\t<div class=\"elementor-widget-wrap elementor-element-populated\">\n\t\t\t\t\t\t<div class=\"elementor-element elementor-element-6748e7ac elementor-widget elementor-widget-text-editor\" data-id=\"6748e7ac\" data-element_type=\"widget\" data-e-type=\"widget\" data-widget_type=\"text-editor.default\">\n\t\t\t\t<div class=\"elementor-widget-container\">\n\t\t\t\t\t\t\t\t\t<h1>Datenschutzbestimmungen<\/h1><p>Die Nutzung dieser Website und ihrer Formulare setzt die Zustimmung zur Verarbeitung von Nutzerdaten gem\u00e4\u00df dieser Datenschutzrichtlinie voraus, einschlie\u00dflich der Erfassung von Anmeldedaten und der Bereitstellung von kommerziellen Informationen auf elektronischem Wege.<\/p><h3>F\u00fcr die Verarbeitung Verantwortlicher und Kontaktinformationen<\/h3><p>Der Inhaber der Datenverarbeitung ist: VIAP BUSINESS TRAVEL, S.L.<\/p><p>Anschrift: Av. Diagonal, 421, 2\u00ba 1\u00aa 08034 -Barcelona<\/p><p>Kontaktinformationen: 93409 34 40 E-Mail viap@viap.es<\/p><p>Zweck der Datenverarbeitung.<\/p><p>Die Daten werden verarbeitet, um den Zugang zu den Online-Inhalten der Website zu erm\u00f6glichen, die Anfragen der Nutzer zu bearbeiten, die Besuche zu statistischen Zwecken zu erfassen (IP-Adressen, Browsertyp, Land, besuchte Seite usw.), Ma\u00dfnahmen zur Sicherheit der Website zu ergreifen und auf elektronischem Wege kommerzielle Informationen \u00fcber unsere Produkte und Dienstleistungen zu \u00fcbermitteln.<\/p><p>Wenn der Nutzer eines unserer Formulare ausf\u00fcllt, ist es notwendig, bestimmte personenbezogene Daten anzugeben, die verarbeitet werden, um die Anfrage des Nutzers zu erf\u00fcllen.<\/p><h3>Legitimit\u00e4t<\/h3><p>Die Verarbeitung der Daten erfolgt auf der Grundlage der Einwilligung des Nutzers, der Erf\u00fcllung gesetzlicher Verpflichtungen, gegebenenfalls zur Erf\u00fcllung eines Vertrags oder eines Vorvertrags.<\/p><h3>Datenempf\u00e4nger und -\u00fcbermittlung<\/h3><p>Adressaten: VIAP BUSINESS TRAVEL, S.L..<\/p><p>Internationale \u00dcbermittlungen (au\u00dferhalb des Europ\u00e4ischen Wirtschaftsraums) sind nicht geplant, au\u00dfer zu Speicherzwecken, und beruhen in jedem Fall auf einem\u00a0<\/p><h3>Dauer der Datenspeicherung<\/h3><p>Die Daten werden mindestens f\u00fcr die in den geltenden Rechtsvorschriften festgelegten Zeitr\u00e4ume und in jedem Fall f\u00fcr die Dauer der G\u00fcltigkeit der Einwilligung gespeichert.<\/p><h3>Die Menschenrechte<\/h3><p>Die betroffenen Personen haben das Recht, ihre Daten einzusehen, zu berichtigen und zu l\u00f6schen, die \u00dcbertragbarkeit ihrer Daten zu verlangen, der Verarbeitung zu widersprechen oder eine Einschr\u00e4nkung der Verarbeitung zu verlangen und ihre Einwilligung zu widerrufen.<\/p><p>Um ihre Rechte geltend zu machen, k\u00f6nnen sich die Betroffenen an folgende Stelle wenden:<\/p><ul><li>Per E-Mail an viap@viap.es unter Angabe des Betreffs &#8222;Datenschutz&#8220;.<\/li><li>Schriftlich, an CAPIT\u00c1N ARENAS, 38 40, 08034 BARCELONA<\/li><\/ul><p>Der Antragsteller muss dem Antrag eine Fotokopie seines Personalausweises beif\u00fcgen.<\/p><p>Die betroffenen Personen haben das Recht, eine Beschwerde bei der Datenschutzaufsichtsbeh\u00f6rde einzureichen.<\/p><h3>Genauigkeit der Daten, Aktualisierung der Daten.<\/h3><p>Der Nutzer muss die Formulare mit echten, genauen, vollst\u00e4ndigen und aktualisierten Daten ausf\u00fcllen. Der Nutzer darf keine Daten \u00fcber andere Personen eingeben; VIAP UNIGLOBE geht davon aus, dass die Daten von der betroffenen Person selbst eingegeben wurden. Der Nutzer haftet allein f\u00fcr alle Verluste oder Sch\u00e4den, die einer anderen Person direkt oder indirekt dadurch entstehen, dass er falsche, ungenaue, unvollst\u00e4ndige oder veraltete Daten oder Daten, die sich auf eine andere Person beziehen, angibt.<\/p><p>Der Nutzer ist verpflichtet, jede \u00c4nderung der angegebenen Daten mitzuteilen, um sie auf dem neuesten Stand zu halten.<\/p><h3>Informationssicherheit<\/h3><p>VIAP UNIGLOBE hat alle gesetzlich vorgeschriebenen Ma\u00dfnahmen zum Schutz personenbezogener Daten ergriffen, und VIAP UNIGLOBE hat alle verf\u00fcgbaren technischen Ma\u00dfnahmen ergriffen, um den Verlust von Daten, die unlautere Nutzung, die Ver\u00e4nderung, den unbefugten Zugriff oder den Diebstahl von Daten zu verhindern. Der Nutzer sollte jedoch beachten, dass die Sicherheitsma\u00dfnahmen im Internet nicht v\u00f6llig unangreifbar sind.<\/p><h3>Minderj\u00e4hrige<\/h3><p>VIAP UNIGLOBE verbietet die Nutzung dieser Website durch Personen unter 18 Jahren, es sei denn, ihre Eltern oder Erziehungsberechtigten haben ihre ausdr\u00fcckliche Zustimmung erteilt.<\/p><h3>Netzwerk-Analyst<\/h3><p>Diese Website setzt Webanalyse ein, um besser zu verstehen, wie die Nutzer suchen, auf die Website zugreifen und auf ihr navigieren. Bei diesen Analysen k\u00f6nnen personenbezogene Daten wie die IP-Adresse des Nutzers, der Standort der Verbindung, die Software- und Hardwaremerkmale des Browsers usw. erfasst werden. Diese Informationen werden nicht mit dem Nutzer in Verbindung gebracht und dienen ausschlie\u00dflich der statistischen Analyse.<\/p><h3>Verwendung von Funktionen und Plug-ins Dritter<\/h3><p>Diese Website kann Funktionen und Plug-ins enthalten, die von Dritten bereitgestellt werden. Diese Funktionen dienen verschiedenen Zwecken, z. B.: Webanalysen von Drittanbietern, Karten von Drittanbietern, Videostreaming von Drittanbietern, gemeinsame Nutzung sozialer Medien, &#8222;Fav&#8220;-, &#8222;Like&#8220;-, &#8222;+1&#8220;- und \u00e4hnliche Schaltfl\u00e4chen.<\/p><p>Eine von einem Dritten bereitgestellte Funktion oder ein Add-on stellt eine direkte Verbindung zwischen dem Browser des Nutzers und den Internet-Dom\u00e4nen des Dritten her, damit die Funktion heruntergeladen und ausgef\u00fchrt werden kann.<\/p><p>Die meisten Plug-ins von Drittanbietern sammeln Informationen \u00fcber die von Ihnen besuchten Websites, um Ihre Interessen zu ermitteln und gezielte Werbung zu schalten.<\/p><h3>Nutzung von Funktionen, die von Google, Inc.<\/h3><p>Auf dieser Website werden von Google Inc. (1600 AMPHITHEATER PARKWAY, MOUNTAIN VIEW, CALIFORNIA, USA) bereitgestellte Funktionen wie YouTube-Videos, Karten und soziale &#8222;+1&#8220;-Schaltfl\u00e4chen verwendet. Diese Funktionen k\u00f6nnen die Erfassung von Nutzeraktivit\u00e4ten in Verbindung mit Ihrer IP-Adresse beinhalten. Wenn der Nutzer diese Website aufruft, stellt der Browser des Nutzers eine Verbindung zu Google-Dom\u00e4nen wie google.com her, wodurch Google erf\u00e4hrt, dass der Nutzer die Website aufruft. Google sammelt Nutzungsdaten f\u00fcr eine Vielzahl von Zwecken, einschlie\u00dflich gezielter Anzeigen in \u00dcbereinstimmung mit den Datenschutzbestimmungen von Google http:\/\/www.google.es\/intl\/en\/policies\/privacy\/.<\/p><p>Die Zustimmung des Nutzers zur Verarbeitung durch Google ist implizit mit der Nutzung dieser Website verbunden.<\/p>\t\t\t\t\t\t\t\t<\/div>\n\t\t\t\t<\/div>\n\t\t\t\t\t<\/div>\n\t\t<\/div>\n\t\t\t\t\t<\/div>\n\t\t<\/section>\n\t\t\t\t<\/div>\n\t\t","protected":false},"excerpt":{"rendered":"<p>Datenschutzbestimmungen Die Nutzung dieser Website und ihrer Formulare setzt die Zustimmung zur Verarbeitung von Nutzerdaten gem\u00e4\u00df dieser Datenschutzrichtlinie voraus, einschlie\u00dflich der Erfassung von Anmeldedaten und der Bereitstellung von kommerziellen Informationen auf elektronischem Wege. F\u00fcr die Verarbeitung Verantwortlicher und Kontaktinformationen Der Inhaber der Datenverarbeitung ist: VIAP BUSINESS TRAVEL, S.L. Anschrift: Av. Diagonal, 421, 2\u00ba 1\u00aa 08034 [&hellip;]<\/p>\n","protected":false},"author":1,"featured_media":0,"parent":0,"menu_order":0,"comment_status":"closed","ping_status":"closed","template":"","meta":{"footnotes":""},"class_list":["post-681","page","type-page","status-publish","hentry"],"acf":[],"yoast_head":"<!-- This site is optimized with the Yoast SEO plugin v27.4 - https:\/\/yoast.com\/product\/yoast-seo-wordpress\/ -->\n<title>Datenschutzbestimmungen - Viap Travel<\/title>\n<meta name=\"robots\" content=\"index, follow, max-snippet:-1, max-image-preview:large, max-video-preview:-1\" \/>\n<link rel=\"canonical\" href=\"https:\/\/www.viap.es\/de\/datenschutzbestimmungen\/\" \/>\n<meta property=\"og:locale\" content=\"de_DE\" \/>\n<meta property=\"og:type\" content=\"article\" \/>\n<meta property=\"og:title\" content=\"Datenschutzbestimmungen - Viap Travel\" \/>\n<meta property=\"og:description\" content=\"Datenschutzbestimmungen Die Nutzung dieser Website und ihrer Formulare setzt die Zustimmung zur Verarbeitung von Nutzerdaten gem\u00e4\u00df dieser Datenschutzrichtlinie voraus, einschlie\u00dflich der Erfassung von Anmeldedaten und der Bereitstellung von kommerziellen Informationen auf elektronischem Wege. F\u00fcr die Verarbeitung Verantwortlicher und Kontaktinformationen Der Inhaber der Datenverarbeitung ist: VIAP BUSINESS TRAVEL, S.L. Anschrift: Av. Diagonal, 421, 2\u00ba 1\u00aa 08034 [&hellip;]\" \/>\n<meta property=\"og:url\" content=\"https:\/\/www.viap.es\/de\/datenschutzbestimmungen\/\" \/>\n<meta property=\"og:site_name\" content=\"Viap Travel\" \/>\n<meta property=\"article:modified_time\" content=\"2024-11-19T14:37:38+00:00\" \/>\n<meta name=\"twitter:card\" content=\"summary_large_image\" \/>\n<meta name=\"twitter:label1\" content=\"Gesch\u00e4tzte Lesezeit\" \/>\n\t<meta name=\"twitter:data1\" content=\"5\u00a0Minuten\" \/>\n<script type=\"application\/ld+json\" class=\"yoast-schema-graph\">{\"@context\":\"https:\\\/\\\/schema.org\",\"@graph\":[{\"@type\":\"WebPage\",\"@id\":\"https:\\\/\\\/www.viap.es\\\/de\\\/datenschutzbestimmungen\\\/\",\"url\":\"https:\\\/\\\/www.viap.es\\\/de\\\/datenschutzbestimmungen\\\/\",\"name\":\"Datenschutzbestimmungen - Viap Travel\",\"isPartOf\":{\"@id\":\"https:\\\/\\\/www.viap.es\\\/de\\\/#website\"},\"datePublished\":\"2022-06-30T05:17:48+00:00\",\"dateModified\":\"2024-11-19T14:37:38+00:00\",\"breadcrumb\":{\"@id\":\"https:\\\/\\\/www.viap.es\\\/de\\\/datenschutzbestimmungen\\\/#breadcrumb\"},\"inLanguage\":\"de\",\"potentialAction\":[{\"@type\":\"ReadAction\",\"target\":[\"https:\\\/\\\/www.viap.es\\\/de\\\/datenschutzbestimmungen\\\/\"]}]},{\"@type\":\"BreadcrumbList\",\"@id\":\"https:\\\/\\\/www.viap.es\\\/de\\\/datenschutzbestimmungen\\\/#breadcrumb\",\"itemListElement\":[{\"@type\":\"ListItem\",\"position\":1,\"name\":\"Portada\",\"item\":\"https:\\\/\\\/www.viap.es\\\/de\\\/home-de\\\/\"},{\"@type\":\"ListItem\",\"position\":2,\"name\":\"Datenschutzbestimmungen\"}]},{\"@type\":\"WebSite\",\"@id\":\"https:\\\/\\\/www.viap.es\\\/de\\\/#website\",\"url\":\"https:\\\/\\\/www.viap.es\\\/de\\\/\",\"name\":\"Viap Travel\",\"description\":\"Viap Travel\",\"publisher\":{\"@id\":\"https:\\\/\\\/www.viap.es\\\/de\\\/#organization\"},\"potentialAction\":[{\"@type\":\"SearchAction\",\"target\":{\"@type\":\"EntryPoint\",\"urlTemplate\":\"https:\\\/\\\/www.viap.es\\\/de\\\/?s={search_term_string}\"},\"query-input\":{\"@type\":\"PropertyValueSpecification\",\"valueRequired\":true,\"valueName\":\"search_term_string\"}}],\"inLanguage\":\"de\"},{\"@type\":\"Organization\",\"@id\":\"https:\\\/\\\/www.viap.es\\\/de\\\/#organization\",\"name\":\"Viap Travel\",\"url\":\"https:\\\/\\\/www.viap.es\\\/de\\\/\",\"logo\":{\"@type\":\"ImageObject\",\"inLanguage\":\"de\",\"@id\":\"https:\\\/\\\/www.viap.es\\\/de\\\/#\\\/schema\\\/logo\\\/image\\\/\",\"url\":\"https:\\\/\\\/www.viap.es\\\/wp-content\\\/uploads\\\/2022\\\/06\\\/logo.png\",\"contentUrl\":\"https:\\\/\\\/www.viap.es\\\/wp-content\\\/uploads\\\/2022\\\/06\\\/logo.png\",\"width\":263,\"height\":48,\"caption\":\"Viap Travel\"},\"image\":{\"@id\":\"https:\\\/\\\/www.viap.es\\\/de\\\/#\\\/schema\\\/logo\\\/image\\\/\"}}]}<\/script>\n<!-- \/ Yoast SEO plugin. -->","yoast_head_json":{"title":"Datenschutzbestimmungen - Viap Travel","robots":{"index":"index","follow":"follow","max-snippet":"max-snippet:-1","max-image-preview":"max-image-preview:large","max-video-preview":"max-video-preview:-1"},"canonical":"https:\/\/www.viap.es\/de\/datenschutzbestimmungen\/","og_locale":"de_DE","og_type":"article","og_title":"Datenschutzbestimmungen - Viap Travel","og_description":"Datenschutzbestimmungen Die Nutzung dieser Website und ihrer Formulare setzt die Zustimmung zur Verarbeitung von Nutzerdaten gem\u00e4\u00df dieser Datenschutzrichtlinie voraus, einschlie\u00dflich der Erfassung von Anmeldedaten und der Bereitstellung von kommerziellen Informationen auf elektronischem Wege. F\u00fcr die Verarbeitung Verantwortlicher und Kontaktinformationen Der Inhaber der Datenverarbeitung ist: VIAP BUSINESS TRAVEL, S.L. Anschrift: Av. Diagonal, 421, 2\u00ba 1\u00aa 08034 [&hellip;]","og_url":"https:\/\/www.viap.es\/de\/datenschutzbestimmungen\/","og_site_name":"Viap Travel","article_modified_time":"2024-11-19T14:37:38+00:00","twitter_card":"summary_large_image","twitter_misc":{"Gesch\u00e4tzte Lesezeit":"5\u00a0Minuten"},"schema":{"@context":"https:\/\/schema.org","@graph":[{"@type":"WebPage","@id":"https:\/\/www.viap.es\/de\/datenschutzbestimmungen\/","url":"https:\/\/www.viap.es\/de\/datenschutzbestimmungen\/","name":"Datenschutzbestimmungen - Viap Travel","isPartOf":{"@id":"https:\/\/www.viap.es\/de\/#website"},"datePublished":"2022-06-30T05:17:48+00:00","dateModified":"2024-11-19T14:37:38+00:00","breadcrumb":{"@id":"https:\/\/www.viap.es\/de\/datenschutzbestimmungen\/#breadcrumb"},"inLanguage":"de","potentialAction":[{"@type":"ReadAction","target":["https:\/\/www.viap.es\/de\/datenschutzbestimmungen\/"]}]},{"@type":"BreadcrumbList","@id":"https:\/\/www.viap.es\/de\/datenschutzbestimmungen\/#breadcrumb","itemListElement":[{"@type":"ListItem","position":1,"name":"Portada","item":"https:\/\/www.viap.es\/de\/home-de\/"},{"@type":"ListItem","position":2,"name":"Datenschutzbestimmungen"}]},{"@type":"WebSite","@id":"https:\/\/www.viap.es\/de\/#website","url":"https:\/\/www.viap.es\/de\/","name":"Viap Travel","description":"Viap Travel","publisher":{"@id":"https:\/\/www.viap.es\/de\/#organization"},"potentialAction":[{"@type":"SearchAction","target":{"@type":"EntryPoint","urlTemplate":"https:\/\/www.viap.es\/de\/?s={search_term_string}"},"query-input":{"@type":"PropertyValueSpecification","valueRequired":true,"valueName":"search_term_string"}}],"inLanguage":"de"},{"@type":"Organization","@id":"https:\/\/www.viap.es\/de\/#organization","name":"Viap Travel","url":"https:\/\/www.viap.es\/de\/","logo":{"@type":"ImageObject","inLanguage":"de","@id":"https:\/\/www.viap.es\/de\/#\/schema\/logo\/image\/","url":"https:\/\/www.viap.es\/wp-content\/uploads\/2022\/06\/logo.png","contentUrl":"https:\/\/www.viap.es\/wp-content\/uploads\/2022\/06\/logo.png","width":263,"height":48,"caption":"Viap Travel"},"image":{"@id":"https:\/\/www.viap.es\/de\/#\/schema\/logo\/image\/"}}]}},"_links":{"self":[{"href":"https:\/\/www.viap.es\/de\/wp-json\/wp\/v2\/pages\/681","targetHints":{"allow":["GET"]}}],"collection":[{"href":"https:\/\/www.viap.es\/de\/wp-json\/wp\/v2\/pages"}],"about":[{"href":"https:\/\/www.viap.es\/de\/wp-json\/wp\/v2\/types\/page"}],"author":[{"embeddable":true,"href":"https:\/\/www.viap.es\/de\/wp-json\/wp\/v2\/users\/1"}],"replies":[{"embeddable":true,"href":"https:\/\/www.viap.es\/de\/wp-json\/wp\/v2\/comments?post=681"}],"version-history":[{"count":3,"href":"https:\/\/www.viap.es\/de\/wp-json\/wp\/v2\/pages\/681\/revisions"}],"predecessor-version":[{"id":11486,"href":"https:\/\/www.viap.es\/de\/wp-json\/wp\/v2\/pages\/681\/revisions\/11486"}],"wp:attachment":[{"href":"https:\/\/www.viap.es\/de\/wp-json\/wp\/v2\/media?parent=681"}],"curies":[{"name":"wp","href":"https:\/\/api.w.org\/{rel}","templated":true}]}}