{"id":10301,"date":"2023-04-26T11:27:25","date_gmt":"2023-04-26T09:27:25","guid":{"rendered":"https:\/\/www.viap.es\/avis-juridique\/"},"modified":"2023-04-26T12:49:56","modified_gmt":"2023-04-26T10:49:56","slug":"avis-juridique","status":"publish","type":"page","link":"https:\/\/www.viap.es\/fr\/avis-juridique\/","title":{"rendered":"Avis juridique"},"content":{"rendered":"\t\t<div data-elementor-type=\"wp-page\" data-elementor-id=\"10301\" class=\"elementor elementor-10301 elementor-10265\" data-elementor-post-type=\"page\">\n\t\t\t\t\t\t<section class=\"elementor-section elementor-top-section elementor-element elementor-element-004c6d3 elementor-section-boxed elementor-section-height-default elementor-section-height-default\" data-id=\"004c6d3\" data-element_type=\"section\" data-e-type=\"section\">\n\t\t\t\t\t\t<div class=\"elementor-container elementor-column-gap-default\">\n\t\t\t\t\t<div class=\"elementor-column elementor-col-100 elementor-top-column elementor-element elementor-element-eca508e\" data-id=\"eca508e\" data-element_type=\"column\" data-e-type=\"column\">\n\t\t\t<div class=\"elementor-widget-wrap elementor-element-populated\">\n\t\t\t\t\t\t<div class=\"elementor-element elementor-element-da78cee elementor-widget elementor-widget-text-editor\" data-id=\"da78cee\" data-element_type=\"widget\" data-e-type=\"widget\" data-widget_type=\"text-editor.default\">\n\t\t\t\t<div class=\"elementor-widget-container\">\n\t\t\t\t\t\t\t\t\t\n          <p>\n            <b style=\"font-size: revert; color: var( --e-global-color-text );\">Propri\u00e9taire du site et coordonn\u00e9es<\/b>\n            <br>\n          <\/p>\n          \n\n          <p>www.viap.es est un domaine Internet appartenant \u00e0 VIAP BUSINESS TRAVEL, S.L. (ci-apr\u00e8s, VIAP ) avec CIF\/NIF B60653979 et adresse \u00e0 CAPITAN ARENAS 38-40, PRINCIPAL 2\u00aa 08017 BARCELONA (BARCELONA). BARCELONE Registre du commerce T 27490, F53, S 8, H B 118411.<\/p>\n          \n\n          <p>L&rsquo;objectif du site est de g\u00e9rer les r\u00e9servations en ligne et de visualiser les promotions de voyage pour les entreprises.<\/p>\n          \n\n          <p>N&rsquo;h\u00e9sitez pas \u00e0 nous contacter :<\/p>\n          \n\n          <p>Par t\u00e9l\u00e9phone, au + 34 93 409 34 40<br>Par courrier \u00e9lectronique, en \u00e9crivant \u00e0 viap@viap.es<br>Par \u00e9crit, \u00e0 l&rsquo;adresse suivante : VIAP, CAPITAN ARENAS 38-40, PRINCIPAL 2\u00aa 08017 BARCELONA (BARCELONA)<br>Pour toute information compl\u00e9mentaire, n&rsquo;h\u00e9sitez pas \u00e0 contacter le VIAP.<\/p>\n          \n\n          <p>\n            <b>Conditions d&rsquo;utilisation du site web<\/b>\n          <\/p>\n          \n\n          <p>Les pr\u00e9sentes conditions d&rsquo;utilisation r\u00e9gissent l&rsquo;acc\u00e8s \u00e0 ce site web par les clients du VIAP. et d&rsquo;autres utilisateurs d&rsquo;Internet. Par le simple fait d&rsquo;utiliser ce site web, l&rsquo;utilisateur d\u00e9clare accepter sans r\u00e9serve les pr\u00e9sentes conditions d&rsquo;utilisation.<\/p>\n          \n\n          <p>La VIAP se r\u00e9serve le droit unilat\u00e9ral de modifier les pr\u00e9sentes conditions d&rsquo;acc\u00e8s au site web, ainsi que les contenus qui y figurent.<\/p>\n          \n\n          <p>\n            <b>Limitation et exclusion de la responsabilit\u00e9<\/b>\n          <\/p>\n          \n\n          <p>Le contenu de ce site web est de nature g\u00e9n\u00e9rale et n&rsquo;est fourni qu&rsquo;\u00e0 titre d&rsquo;information. La VIAP d\u00e9cline toute responsabilit\u00e9 pour toute information non produite par elle ou publi\u00e9e en son nom d&rsquo;une mani\u00e8re non autoris\u00e9e par elle, ainsi que toute responsabilit\u00e9 d\u00e9coulant de l&rsquo;utilisation abusive du contenu par des tiers.<\/p>\n          \n\n          <p>L&rsquo;utilisateur exon\u00e8re le VIAP de toute responsabilit\u00e9 pouvant d\u00e9couler d&rsquo;interruptions dans la disponibilit\u00e9 du site web, qu&rsquo;elles soient dues \u00e0 un mauvais fonctionnement du serveur web ou des applications, des infrastructures de communication ou du logiciel et du mat\u00e9riel utilis\u00e9s pour la navigation.<\/p>\n          \n\n          <p>Dans le cas de l&rsquo;inclusion de liens vers d&rsquo;autres sites web, VIAP d\u00e9cline toute responsabilit\u00e9 li\u00e9e \u00e0 l&rsquo;acc\u00e8s et \u00e0 l&rsquo;utilisation de ces liens.<\/p>\n          \n\n          <p>\n            <b>Propri\u00e9t\u00e9 intellectuelle et industrielle<\/b>\n          <\/p>\n          \n\n          <p>L&rsquo;ensemble de ce site est prot\u00e9g\u00e9 par les lois sur la propri\u00e9t\u00e9 intellectuelle et industrielle. Sauf indication contraire, les droits de propri\u00e9t\u00e9 intellectuelle de ce contenu appartiennent exclusivement \u00e0 VIAP. L&rsquo;utilisateur reconna\u00eet que l&rsquo;utilisation des contenus est strictement limit\u00e9e \u00e0 ses besoins personnels et que toute reproduction, distribution, communication ou transformation non autoris\u00e9e de ces \u0153uvres constitue une violation des droits de propri\u00e9t\u00e9 intellectuelle.<\/p>\n          \n\n          <p>De m\u00eame, l&rsquo;utilisateur s&rsquo;abstiendra d&rsquo;utiliser les contenus et, en particulier, les informations de toute nature obtenues par le biais du site web pour envoyer de la publicit\u00e9, des communications \u00e0 des fins de vente directe ou tout autre type de finalit\u00e9 commerciale, des messages non sollicit\u00e9s adress\u00e9s \u00e0 un certain nombre de personnes ind\u00e9pendamment de leur finalit\u00e9. Il s&rsquo;abstient \u00e9galement de commercialiser ou de divulguer de quelque mani\u00e8re que ce soit ces informations.<\/p>\n          \n\n          <p>www.viap.es est un domaine VIAP. Ne peut \u00eatre utilis\u00e9, sauf autorisation pr\u00e9alable expresse, en relation avec d&rsquo;autres produits ou services non VIAP d&rsquo;une mani\u00e8re susceptible de cr\u00e9er une confusion parmi nos clients ou de jeter le discr\u00e9dit sur VIAP.<\/p>\n          \n\n          <p>\n            <b>Politique d&rsquo;\u00e9tablissement de liens vers ce site web<\/b>\n          <\/p>\n          \n\n          <p>Si un utilisateur, une entit\u00e9 ou un site web souhaite \u00e9tablir un lien quelconque avec le pr\u00e9sent site web, il doit en demander l&rsquo;autorisation par \u00e9crit au pr\u00e9alable.<\/p>\n          \n\n          <p>En outre, vous n&rsquo;\u00eates autoris\u00e9 \u00e0 \u00e9tablir un lien qu&rsquo;avec la page d&rsquo;accueil du site web. Le lien doit \u00eatre absolu et complet, c&rsquo;est-\u00e0-dire qu&rsquo;il doit amener l&rsquo;utilisateur \u00e0 l&rsquo;adresse VIAP elle-m\u00eame, en couvrant toute la taille de l&rsquo;\u00e9cran de la page contenant le lien. En aucun cas, sauf autorisation expresse et \u00e9crite de la part de la VIAP, la page qui \u00e9tablit le lien ne peut reproduire de quelque mani\u00e8re que ce soit le site web de la VIAP, l&rsquo;inclure comme partie de son site web ou dans l&rsquo;un de ses cadres sur l&rsquo;une quelconque des pages ou l&rsquo;un quelconque des contenus de ce site web.<\/p>\n          \n\n          <p>Aucune d\u00e9claration fausse, inexacte ou incorrecte ne doit \u00eatre faite au sujet des pages de ce site web ou des services qui y sont offerts.<\/p>\n          \n\n          <p>Le lien ne doit pas contenir de marque, de nom commercial, d&rsquo;enseigne, de d\u00e9nomination, de logo, de slogan ou d&rsquo;autres signes distinctifs appartenant \u00e0 la VIAP.<\/p>\n          \n\n          <p>En aucun cas, la VIAP ne sera responsable du contenu ou des services mis \u00e0 la disposition du public sur le site web \u00e0 partir duquel l&rsquo;hyperlien est \u00e9tabli, ni des informations ou d\u00e9clarations qui y sont incluses.<\/p>\n          \n\n          <p>\n            <b>Protection des donn\u00e9es personnelles<\/b>\n          <\/p>\n          \n\n          <p>L&rsquo;utilisation de ce site web et de ses formulaires implique l&rsquo;acceptation du traitement des donn\u00e9es des utilisateurs sous la responsabilit\u00e9 de VIAP BUSINESS TRAVEL, S.L., \u00e0 des fins qui incluent la mise \u00e0 disposition du site web, la collecte des donn\u00e9es d&rsquo;acc\u00e8s et l&rsquo;envoi d&rsquo;informations commerciales par voie \u00e9lectronique, dans certains cas.<\/p>\n          \n\n          <p>Veuillez lire attentivement la politique de confidentialit\u00e9 pour obtenir des informations d\u00e9taill\u00e9es suppl\u00e9mentaires, notamment sur la mani\u00e8re dont nous utilisons les donn\u00e9es des utilisateurs et sur la mani\u00e8re d&rsquo;exercer vos droits d&rsquo;acc\u00e8s, de rectification, d&rsquo;effacement, d&rsquo;opposition et d&rsquo;autres droits relatifs \u00e0 la protection des donn\u00e9es.<\/p>\n          \n\n          <p>\n            <b>Cookies<\/b>\n          <\/p>\n          \n\n          <p>Ce site web utilise ses propres cookies et ceux de tiers \u00e0 diverses fins, y compris l&rsquo;analyse et la publicit\u00e9 adapt\u00e9es aux int\u00e9r\u00eats de l&rsquo;utilisateur. Vous pouvez configurer vos pr\u00e9f\u00e9rences \u00e0 tout moment en utilisant le syst\u00e8me de configuration des cookies int\u00e9gr\u00e9 \u00e0 ce site web, vous pouvez activer \/ d\u00e9sactiver l&rsquo;utilisation des cookies en fonction de vos objectifs.<\/p>\n          \n\n          <p>Veuillez lire attentivement notre politique en mati\u00e8re de cookies pour conna\u00eetre les types de cookies utilis\u00e9s et savoir comment les bloquer et les supprimer dans votre navigateur.<\/p>\n          \n\n          <p>\n            <b>Pr\u00e9valence de la version espagnole<\/b>\n          <\/p>\n          \n\n          <p>Si le pr\u00e9sent avis juridique est traduit dans d&rsquo;autres langues, en cas de divergence, la version espagnole pr\u00e9vaudra.<\/p>\n          \n\n          <p>\n            <strong>Droit applicable et juridiction<\/strong>\n          <\/p>\n          \n\n          <p>Le pr\u00e9sent avis juridique, ainsi que les relations entre VIAP et les utilisateurs, sont r\u00e9gis par la l\u00e9gislation espagnole en vigueur et tout litige sera soumis aux cours et tribunaux de BARCELONE, sauf dans le cas des consommateurs et des utilisateurs, qui seront soumis \u00e0 la juridiction des tribunaux correspondant \u00e0 leur domicile.<\/p>\n          \n\n          <p>VIAP<\/p>\n        \t\t\t\t\t\t\t\t<\/div>\n\t\t\t\t<\/div>\n\t\t\t\t\t<\/div>\n\t\t<\/div>\n\t\t\t\t\t<\/div>\n\t\t<\/section>\n\t\t\t\t<\/div>\n\t\t","protected":false},"excerpt":{"rendered":"<p>Propri\u00e9taire du site et coordonn\u00e9es www.viap.es est un domaine Internet appartenant \u00e0 VIAP BUSINESS TRAVEL, S.L. (ci-apr\u00e8s, VIAP ) avec CIF\/NIF B60653979 et adresse \u00e0 CAPITAN ARENAS 38-40, PRINCIPAL 2\u00aa 08017 BARCELONA (BARCELONA). BARCELONE Registre du commerce T 27490, F53, S 8, H B 118411. L&rsquo;objectif du site est de g\u00e9rer les r\u00e9servations en ligne [&hellip;]<\/p>\n","protected":false},"author":1,"featured_media":0,"parent":0,"menu_order":0,"comment_status":"closed","ping_status":"closed","template":"","meta":{"footnotes":""},"class_list":["post-10301","page","type-page","status-publish","hentry"],"acf":[],"yoast_head":"<!-- This site is optimized with the Yoast SEO plugin v27.4 - https:\/\/yoast.com\/product\/yoast-seo-wordpress\/ -->\n<title>Avis juridique - Viap Travel<\/title>\n<meta name=\"robots\" content=\"index, follow, max-snippet:-1, max-image-preview:large, max-video-preview:-1\" \/>\n<link rel=\"canonical\" href=\"https:\/\/www.viap.es\/fr\/avis-juridique\/\" \/>\n<meta property=\"og:locale\" content=\"fr_FR\" \/>\n<meta property=\"og:type\" content=\"article\" \/>\n<meta property=\"og:title\" content=\"Avis juridique - Viap Travel\" \/>\n<meta property=\"og:description\" content=\"Propri\u00e9taire du site et coordonn\u00e9es www.viap.es est un domaine Internet appartenant \u00e0 VIAP BUSINESS TRAVEL, S.L. (ci-apr\u00e8s, VIAP ) avec CIF\/NIF B60653979 et adresse \u00e0 CAPITAN ARENAS 38-40, PRINCIPAL 2\u00aa 08017 BARCELONA (BARCELONA). BARCELONE Registre du commerce T 27490, F53, S 8, H B 118411. L&rsquo;objectif du site est de g\u00e9rer les r\u00e9servations en ligne [&hellip;]\" \/>\n<meta property=\"og:url\" content=\"https:\/\/www.viap.es\/fr\/avis-juridique\/\" \/>\n<meta property=\"og:site_name\" content=\"Viap Travel\" \/>\n<meta property=\"article:modified_time\" content=\"2023-04-26T10:49:56+00:00\" \/>\n<meta name=\"twitter:card\" content=\"summary_large_image\" \/>\n<meta name=\"twitter:label1\" content=\"Dur\u00e9e de lecture estim\u00e9e\" \/>\n\t<meta name=\"twitter:data1\" content=\"5 minutes\" \/>\n<script type=\"application\/ld+json\" class=\"yoast-schema-graph\">{\"@context\":\"https:\\\/\\\/schema.org\",\"@graph\":[{\"@type\":\"WebPage\",\"@id\":\"https:\\\/\\\/www.viap.es\\\/fr\\\/avis-juridique\\\/\",\"url\":\"https:\\\/\\\/www.viap.es\\\/fr\\\/avis-juridique\\\/\",\"name\":\"Avis juridique - Viap Travel\",\"isPartOf\":{\"@id\":\"https:\\\/\\\/www.viap.es\\\/fr\\\/#website\"},\"datePublished\":\"2023-04-26T09:27:25+00:00\",\"dateModified\":\"2023-04-26T10:49:56+00:00\",\"breadcrumb\":{\"@id\":\"https:\\\/\\\/www.viap.es\\\/fr\\\/avis-juridique\\\/#breadcrumb\"},\"inLanguage\":\"fr-FR\",\"potentialAction\":[{\"@type\":\"ReadAction\",\"target\":[\"https:\\\/\\\/www.viap.es\\\/fr\\\/avis-juridique\\\/\"]}]},{\"@type\":\"BreadcrumbList\",\"@id\":\"https:\\\/\\\/www.viap.es\\\/fr\\\/avis-juridique\\\/#breadcrumb\",\"itemListElement\":[{\"@type\":\"ListItem\",\"position\":1,\"name\":\"Portada\",\"item\":\"https:\\\/\\\/www.viap.es\\\/fr\\\/\"},{\"@type\":\"ListItem\",\"position\":2,\"name\":\"Avis juridique\"}]},{\"@type\":\"WebSite\",\"@id\":\"https:\\\/\\\/www.viap.es\\\/fr\\\/#website\",\"url\":\"https:\\\/\\\/www.viap.es\\\/fr\\\/\",\"name\":\"Viap Travel\",\"description\":\"Viap Travel\",\"publisher\":{\"@id\":\"https:\\\/\\\/www.viap.es\\\/fr\\\/#organization\"},\"potentialAction\":[{\"@type\":\"SearchAction\",\"target\":{\"@type\":\"EntryPoint\",\"urlTemplate\":\"https:\\\/\\\/www.viap.es\\\/fr\\\/?s={search_term_string}\"},\"query-input\":{\"@type\":\"PropertyValueSpecification\",\"valueRequired\":true,\"valueName\":\"search_term_string\"}}],\"inLanguage\":\"fr-FR\"},{\"@type\":\"Organization\",\"@id\":\"https:\\\/\\\/www.viap.es\\\/fr\\\/#organization\",\"name\":\"Viap Travel\",\"url\":\"https:\\\/\\\/www.viap.es\\\/fr\\\/\",\"logo\":{\"@type\":\"ImageObject\",\"inLanguage\":\"fr-FR\",\"@id\":\"https:\\\/\\\/www.viap.es\\\/fr\\\/#\\\/schema\\\/logo\\\/image\\\/\",\"url\":\"https:\\\/\\\/www.viap.es\\\/wp-content\\\/uploads\\\/2022\\\/06\\\/logo.png\",\"contentUrl\":\"https:\\\/\\\/www.viap.es\\\/wp-content\\\/uploads\\\/2022\\\/06\\\/logo.png\",\"width\":263,\"height\":48,\"caption\":\"Viap Travel\"},\"image\":{\"@id\":\"https:\\\/\\\/www.viap.es\\\/fr\\\/#\\\/schema\\\/logo\\\/image\\\/\"}}]}<\/script>\n<!-- \/ Yoast SEO plugin. -->","yoast_head_json":{"title":"Avis juridique - Viap Travel","robots":{"index":"index","follow":"follow","max-snippet":"max-snippet:-1","max-image-preview":"max-image-preview:large","max-video-preview":"max-video-preview:-1"},"canonical":"https:\/\/www.viap.es\/fr\/avis-juridique\/","og_locale":"fr_FR","og_type":"article","og_title":"Avis juridique - Viap Travel","og_description":"Propri\u00e9taire du site et coordonn\u00e9es www.viap.es est un domaine Internet appartenant \u00e0 VIAP BUSINESS TRAVEL, S.L. (ci-apr\u00e8s, VIAP ) avec CIF\/NIF B60653979 et adresse \u00e0 CAPITAN ARENAS 38-40, PRINCIPAL 2\u00aa 08017 BARCELONA (BARCELONA). BARCELONE Registre du commerce T 27490, F53, S 8, H B 118411. L&rsquo;objectif du site est de g\u00e9rer les r\u00e9servations en ligne [&hellip;]","og_url":"https:\/\/www.viap.es\/fr\/avis-juridique\/","og_site_name":"Viap Travel","article_modified_time":"2023-04-26T10:49:56+00:00","twitter_card":"summary_large_image","twitter_misc":{"Dur\u00e9e de lecture estim\u00e9e":"5 minutes"},"schema":{"@context":"https:\/\/schema.org","@graph":[{"@type":"WebPage","@id":"https:\/\/www.viap.es\/fr\/avis-juridique\/","url":"https:\/\/www.viap.es\/fr\/avis-juridique\/","name":"Avis juridique - Viap Travel","isPartOf":{"@id":"https:\/\/www.viap.es\/fr\/#website"},"datePublished":"2023-04-26T09:27:25+00:00","dateModified":"2023-04-26T10:49:56+00:00","breadcrumb":{"@id":"https:\/\/www.viap.es\/fr\/avis-juridique\/#breadcrumb"},"inLanguage":"fr-FR","potentialAction":[{"@type":"ReadAction","target":["https:\/\/www.viap.es\/fr\/avis-juridique\/"]}]},{"@type":"BreadcrumbList","@id":"https:\/\/www.viap.es\/fr\/avis-juridique\/#breadcrumb","itemListElement":[{"@type":"ListItem","position":1,"name":"Portada","item":"https:\/\/www.viap.es\/fr\/"},{"@type":"ListItem","position":2,"name":"Avis juridique"}]},{"@type":"WebSite","@id":"https:\/\/www.viap.es\/fr\/#website","url":"https:\/\/www.viap.es\/fr\/","name":"Viap Travel","description":"Viap Travel","publisher":{"@id":"https:\/\/www.viap.es\/fr\/#organization"},"potentialAction":[{"@type":"SearchAction","target":{"@type":"EntryPoint","urlTemplate":"https:\/\/www.viap.es\/fr\/?s={search_term_string}"},"query-input":{"@type":"PropertyValueSpecification","valueRequired":true,"valueName":"search_term_string"}}],"inLanguage":"fr-FR"},{"@type":"Organization","@id":"https:\/\/www.viap.es\/fr\/#organization","name":"Viap Travel","url":"https:\/\/www.viap.es\/fr\/","logo":{"@type":"ImageObject","inLanguage":"fr-FR","@id":"https:\/\/www.viap.es\/fr\/#\/schema\/logo\/image\/","url":"https:\/\/www.viap.es\/wp-content\/uploads\/2022\/06\/logo.png","contentUrl":"https:\/\/www.viap.es\/wp-content\/uploads\/2022\/06\/logo.png","width":263,"height":48,"caption":"Viap Travel"},"image":{"@id":"https:\/\/www.viap.es\/fr\/#\/schema\/logo\/image\/"}}]}},"_links":{"self":[{"href":"https:\/\/www.viap.es\/fr\/wp-json\/wp\/v2\/pages\/10301","targetHints":{"allow":["GET"]}}],"collection":[{"href":"https:\/\/www.viap.es\/fr\/wp-json\/wp\/v2\/pages"}],"about":[{"href":"https:\/\/www.viap.es\/fr\/wp-json\/wp\/v2\/types\/page"}],"author":[{"embeddable":true,"href":"https:\/\/www.viap.es\/fr\/wp-json\/wp\/v2\/users\/1"}],"replies":[{"embeddable":true,"href":"https:\/\/www.viap.es\/fr\/wp-json\/wp\/v2\/comments?post=10301"}],"version-history":[{"count":1,"href":"https:\/\/www.viap.es\/fr\/wp-json\/wp\/v2\/pages\/10301\/revisions"}],"predecessor-version":[{"id":10302,"href":"https:\/\/www.viap.es\/fr\/wp-json\/wp\/v2\/pages\/10301\/revisions\/10302"}],"wp:attachment":[{"href":"https:\/\/www.viap.es\/fr\/wp-json\/wp\/v2\/media?parent=10301"}],"curies":[{"name":"wp","href":"https:\/\/api.w.org\/{rel}","templated":true}]}}