{"id":589,"date":"2022-06-27T09:47:20","date_gmt":"2022-06-27T07:47:20","guid":{"rendered":"https:\/\/viap.online\/?page_id=589"},"modified":"2022-11-21T11:47:50","modified_gmt":"2022-11-21T10:47:50","slug":"home-fr","status":"publish","type":"page","link":"https:\/\/www.viap.es\/fr\/","title":{"rendered":"Home fr"},"content":{"rendered":"","protected":false},"excerpt":{"rendered":"","protected":false},"author":1,"featured_media":0,"parent":0,"menu_order":0,"comment_status":"closed","ping_status":"closed","template":"home-page.php","meta":{"footnotes":""},"class_list":["post-589","page","type-page","status-publish","hentry"],"acf":[],"yoast_head":"<!-- This site is optimized with the Yoast SEO plugin v27.4 - https:\/\/yoast.com\/product\/yoast-seo-wordpress\/ -->\n<title>VIAP TRAVEL - Experts en gestion des voyages d&#039;affaires<\/title>\n<meta name=\"description\" content=\"Une solution sur mesure pour r\u00e9pondre \u00e0 vos besoins en mati\u00e8re de voyages d&#039;affaires et g\u00e9n\u00e9rer des \u00e9conomies de co\u00fbts\" \/>\n<meta name=\"robots\" content=\"index, follow, max-snippet:-1, max-image-preview:large, max-video-preview:-1\" \/>\n<link rel=\"canonical\" href=\"https:\/\/www.viap.es\/fr\/\" \/>\n<meta property=\"og:locale\" content=\"fr_FR\" \/>\n<meta property=\"og:type\" content=\"article\" \/>\n<meta property=\"og:title\" content=\"VIAP TRAVEL - Experts en gestion des voyages d&#039;affaires\" \/>\n<meta property=\"og:description\" content=\"Une solution sur mesure pour r\u00e9pondre \u00e0 vos besoins en mati\u00e8re de voyages d&#039;affaires et g\u00e9n\u00e9rer des \u00e9conomies de co\u00fbts\" \/>\n<meta property=\"og:url\" content=\"https:\/\/www.viap.es\/fr\/\" \/>\n<meta property=\"og:site_name\" content=\"Viap Travel\" \/>\n<meta property=\"article:modified_time\" content=\"2022-11-21T10:47:50+00:00\" \/>\n<meta name=\"twitter:card\" content=\"summary_large_image\" \/>\n<script type=\"application\/ld+json\" class=\"yoast-schema-graph\">{\"@context\":\"https:\\\/\\\/schema.org\",\"@graph\":[{\"@type\":\"WebPage\",\"@id\":\"https:\\\/\\\/www.viap.es\\\/fr\\\/\",\"url\":\"https:\\\/\\\/www.viap.es\\\/fr\\\/\",\"name\":\"VIAP TRAVEL - Experts en gestion des voyages d'affaires\",\"isPartOf\":{\"@id\":\"https:\\\/\\\/www.viap.es\\\/fr\\\/#website\"},\"datePublished\":\"2022-06-27T07:47:20+00:00\",\"dateModified\":\"2022-11-21T10:47:50+00:00\",\"description\":\"Une solution sur mesure pour r\u00e9pondre \u00e0 vos besoins en mati\u00e8re de voyages d'affaires et g\u00e9n\u00e9rer des \u00e9conomies de co\u00fbts\",\"breadcrumb\":{\"@id\":\"https:\\\/\\\/www.viap.es\\\/fr\\\/#breadcrumb\"},\"inLanguage\":\"fr-FR\",\"potentialAction\":[{\"@type\":\"ReadAction\",\"target\":[\"https:\\\/\\\/www.viap.es\\\/fr\\\/\"]}]},{\"@type\":\"BreadcrumbList\",\"@id\":\"https:\\\/\\\/www.viap.es\\\/fr\\\/#breadcrumb\",\"itemListElement\":[{\"@type\":\"ListItem\",\"position\":1,\"name\":\"Portada\",\"item\":\"https:\\\/\\\/www.viap.es\\\/fr\\\/\"},{\"@type\":\"ListItem\",\"position\":2,\"name\":\"Home fr\"}]},{\"@type\":\"WebSite\",\"@id\":\"https:\\\/\\\/www.viap.es\\\/fr\\\/#website\",\"url\":\"https:\\\/\\\/www.viap.es\\\/fr\\\/\",\"name\":\"Viap Travel\",\"description\":\"Viap Travel\",\"publisher\":{\"@id\":\"https:\\\/\\\/www.viap.es\\\/fr\\\/#organization\"},\"potentialAction\":[{\"@type\":\"SearchAction\",\"target\":{\"@type\":\"EntryPoint\",\"urlTemplate\":\"https:\\\/\\\/www.viap.es\\\/fr\\\/?s={search_term_string}\"},\"query-input\":{\"@type\":\"PropertyValueSpecification\",\"valueRequired\":true,\"valueName\":\"search_term_string\"}}],\"inLanguage\":\"fr-FR\"},{\"@type\":\"Organization\",\"@id\":\"https:\\\/\\\/www.viap.es\\\/fr\\\/#organization\",\"name\":\"Viap Travel\",\"url\":\"https:\\\/\\\/www.viap.es\\\/fr\\\/\",\"logo\":{\"@type\":\"ImageObject\",\"inLanguage\":\"fr-FR\",\"@id\":\"https:\\\/\\\/www.viap.es\\\/fr\\\/#\\\/schema\\\/logo\\\/image\\\/\",\"url\":\"https:\\\/\\\/www.viap.es\\\/wp-content\\\/uploads\\\/2022\\\/06\\\/logo.png\",\"contentUrl\":\"https:\\\/\\\/www.viap.es\\\/wp-content\\\/uploads\\\/2022\\\/06\\\/logo.png\",\"width\":263,\"height\":48,\"caption\":\"Viap Travel\"},\"image\":{\"@id\":\"https:\\\/\\\/www.viap.es\\\/fr\\\/#\\\/schema\\\/logo\\\/image\\\/\"}}]}<\/script>\n<!-- \/ Yoast SEO plugin. -->","yoast_head_json":{"title":"VIAP TRAVEL - Experts en gestion des voyages d'affaires","description":"Une solution sur mesure pour r\u00e9pondre \u00e0 vos besoins en mati\u00e8re de voyages d'affaires et g\u00e9n\u00e9rer des \u00e9conomies de co\u00fbts","robots":{"index":"index","follow":"follow","max-snippet":"max-snippet:-1","max-image-preview":"max-image-preview:large","max-video-preview":"max-video-preview:-1"},"canonical":"https:\/\/www.viap.es\/fr\/","og_locale":"fr_FR","og_type":"article","og_title":"VIAP TRAVEL - Experts en gestion des voyages d'affaires","og_description":"Une solution sur mesure pour r\u00e9pondre \u00e0 vos besoins en mati\u00e8re de voyages d'affaires et g\u00e9n\u00e9rer des \u00e9conomies de co\u00fbts","og_url":"https:\/\/www.viap.es\/fr\/","og_site_name":"Viap Travel","article_modified_time":"2022-11-21T10:47:50+00:00","twitter_card":"summary_large_image","schema":{"@context":"https:\/\/schema.org","@graph":[{"@type":"WebPage","@id":"https:\/\/www.viap.es\/fr\/","url":"https:\/\/www.viap.es\/fr\/","name":"VIAP TRAVEL - Experts en gestion des voyages d'affaires","isPartOf":{"@id":"https:\/\/www.viap.es\/fr\/#website"},"datePublished":"2022-06-27T07:47:20+00:00","dateModified":"2022-11-21T10:47:50+00:00","description":"Une solution sur mesure pour r\u00e9pondre \u00e0 vos besoins en mati\u00e8re de voyages d'affaires et g\u00e9n\u00e9rer des \u00e9conomies de co\u00fbts","breadcrumb":{"@id":"https:\/\/www.viap.es\/fr\/#breadcrumb"},"inLanguage":"fr-FR","potentialAction":[{"@type":"ReadAction","target":["https:\/\/www.viap.es\/fr\/"]}]},{"@type":"BreadcrumbList","@id":"https:\/\/www.viap.es\/fr\/#breadcrumb","itemListElement":[{"@type":"ListItem","position":1,"name":"Portada","item":"https:\/\/www.viap.es\/fr\/"},{"@type":"ListItem","position":2,"name":"Home fr"}]},{"@type":"WebSite","@id":"https:\/\/www.viap.es\/fr\/#website","url":"https:\/\/www.viap.es\/fr\/","name":"Viap Travel","description":"Viap Travel","publisher":{"@id":"https:\/\/www.viap.es\/fr\/#organization"},"potentialAction":[{"@type":"SearchAction","target":{"@type":"EntryPoint","urlTemplate":"https:\/\/www.viap.es\/fr\/?s={search_term_string}"},"query-input":{"@type":"PropertyValueSpecification","valueRequired":true,"valueName":"search_term_string"}}],"inLanguage":"fr-FR"},{"@type":"Organization","@id":"https:\/\/www.viap.es\/fr\/#organization","name":"Viap Travel","url":"https:\/\/www.viap.es\/fr\/","logo":{"@type":"ImageObject","inLanguage":"fr-FR","@id":"https:\/\/www.viap.es\/fr\/#\/schema\/logo\/image\/","url":"https:\/\/www.viap.es\/wp-content\/uploads\/2022\/06\/logo.png","contentUrl":"https:\/\/www.viap.es\/wp-content\/uploads\/2022\/06\/logo.png","width":263,"height":48,"caption":"Viap Travel"},"image":{"@id":"https:\/\/www.viap.es\/fr\/#\/schema\/logo\/image\/"}}]}},"_links":{"self":[{"href":"https:\/\/www.viap.es\/fr\/wp-json\/wp\/v2\/pages\/589","targetHints":{"allow":["GET"]}}],"collection":[{"href":"https:\/\/www.viap.es\/fr\/wp-json\/wp\/v2\/pages"}],"about":[{"href":"https:\/\/www.viap.es\/fr\/wp-json\/wp\/v2\/types\/page"}],"author":[{"embeddable":true,"href":"https:\/\/www.viap.es\/fr\/wp-json\/wp\/v2\/users\/1"}],"replies":[{"embeddable":true,"href":"https:\/\/www.viap.es\/fr\/wp-json\/wp\/v2\/comments?post=589"}],"version-history":[{"count":0,"href":"https:\/\/www.viap.es\/fr\/wp-json\/wp\/v2\/pages\/589\/revisions"}],"wp:attachment":[{"href":"https:\/\/www.viap.es\/fr\/wp-json\/wp\/v2\/media?parent=589"}],"curies":[{"name":"wp","href":"https:\/\/api.w.org\/{rel}","templated":true}]}}