{"id":683,"date":"2022-06-30T07:17:48","date_gmt":"2022-06-30T05:17:48","guid":{"rendered":"https:\/\/viap.online\/?page_id=683"},"modified":"2024-11-19T15:37:49","modified_gmt":"2024-11-19T14:37:49","slug":"politique-de-confidentialite","status":"publish","type":"page","link":"https:\/\/www.viap.es\/fr\/politique-de-confidentialite\/","title":{"rendered":"Politique de confidentialit\u00e9"},"content":{"rendered":"\t\t<div data-elementor-type=\"wp-page\" data-elementor-id=\"683\" class=\"elementor elementor-683 elementor-228\" data-elementor-post-type=\"page\">\n\t\t\t\t\t\t<section class=\"elementor-section elementor-top-section elementor-element elementor-element-156d8be5 elementor-section-boxed elementor-section-height-default elementor-section-height-default\" data-id=\"156d8be5\" data-element_type=\"section\" data-e-type=\"section\">\n\t\t\t\t\t\t<div class=\"elementor-container elementor-column-gap-default\">\n\t\t\t\t\t<div class=\"elementor-column elementor-col-100 elementor-top-column elementor-element elementor-element-3476d591\" data-id=\"3476d591\" data-element_type=\"column\" data-e-type=\"column\">\n\t\t\t<div class=\"elementor-widget-wrap elementor-element-populated\">\n\t\t\t\t\t\t<div class=\"elementor-element elementor-element-783fd6ff elementor-widget elementor-widget-text-editor\" data-id=\"783fd6ff\" data-element_type=\"widget\" data-e-type=\"widget\" data-widget_type=\"text-editor.default\">\n\t\t\t\t<div class=\"elementor-widget-container\">\n\t\t\t\t\t\t\t\t\t<h1>Politique de confidentialit\u00e9<\/h1><p>L&rsquo;utilisation de ce site web et de ses formulaires implique l&rsquo;acceptation du traitement des donn\u00e9es des utilisateurs conform\u00e9ment \u00e0 la pr\u00e9sente politique de confidentialit\u00e9, y compris la collecte de donn\u00e9es de connexion et la fourniture d&rsquo;informations commerciales par voie \u00e9lectronique.<\/p><h3>Responsable du traitement des donn\u00e9es et informations de contact<\/h3><p>Le responsable du traitement des donn\u00e9es est : VIAP BUSINESS TRAVEL, S.L.<\/p><p>Adresse : CAv. Diagonal, 421, 2\u00ba 1\u00aa 08034 -Barcelona<\/p><p>Coordonn\u00e9es : 93409 34 40 e-mail viap@viap.es<\/p><p>Objectif du traitement des donn\u00e9es.<\/p><p>Les donn\u00e9es sont trait\u00e9es dans le but de fournir l&rsquo;acc\u00e8s au contenu en ligne du site web, ainsi que de r\u00e9pondre aux demandes des utilisateurs, d&rsquo;enregistrer les visites \u00e0 des fins statistiques (adresses IP, type de navigateur, pays, pages visit\u00e9es, etc.), de mettre en \u0153uvre des mesures visant \u00e0 la s\u00e9curit\u00e9 du site web et de fournir des informations commerciales par voie \u00e9lectronique sur nos produits et services.<\/p><p>Lorsque l&rsquo;utilisateur remplit l&rsquo;un de nos formulaires, il devra fournir certaines donn\u00e9es \u00e0 caract\u00e8re personnel, qui seront trait\u00e9es afin d&rsquo;ex\u00e9cuter la demande de l&rsquo;utilisateur.<\/p><h3>L\u00e9gitimit\u00e9<\/h3><p>Les donn\u00e9es sont trait\u00e9es sur la base du consentement de l&rsquo;utilisateur, du respect des obligations l\u00e9gales, le cas \u00e9ch\u00e9ant, pour l&rsquo;ex\u00e9cution d&rsquo;un contrat ou d&rsquo;un pr\u00e9contrat.<\/p><h3>Destinataires et transferts de donn\u00e9es<\/h3><p>Destinataires : VIAP BUSINESS TRAVEL, S.L..<\/p><p>Les transferts internationaux ne sont pas pr\u00e9vus (en dehors de l&rsquo;Espace \u00e9conomique europ\u00e9en), sauf \u00e0 des fins de stockage.<\/p><h3>Dur\u00e9e de conservation des donn\u00e9es<\/h3><p>Les donn\u00e9es seront conserv\u00e9es au moins pendant les p\u00e9riodes \u00e9tablies par la l\u00e9gislation applicable et, dans tous les cas, pendant la dur\u00e9e de validit\u00e9 du consentement.<\/p><h3>Droits de l&rsquo;homme<\/h3><p>Les personnes concern\u00e9es ont le droit : d&rsquo;acc\u00e9der \u00e0 leurs donn\u00e9es, de les rectifier et de les supprimer ; de demander la portabilit\u00e9 de leurs donn\u00e9es ; de s&rsquo;opposer au traitement ou de demander sa limitation ; de retirer leur consentement.<\/p><p>Pour exercer leurs droits, les parties int\u00e9ress\u00e9es peuvent contacter :<\/p><ul><li>Par courrier \u00e9lectronique, en \u00e9crivant \u00e0 viap@viap.es et en indiquant \u00ab\u00a0Protection des donn\u00e9es\u00a0\u00bb dans la ligne d&rsquo;objet.<\/li><li>Par \u00e9crit, \u00e0 CAPIT\u00c1N ARENAS, 38 40, 08034 BARCELONE<\/li><\/ul><p>Le demandeur doit joindre une photocopie de sa carte d&rsquo;identit\u00e9 \u00e0 la demande.<\/p><p>Les personnes concern\u00e9es ont le droit de d\u00e9poser une plainte aupr\u00e8s des autorit\u00e9s de contr\u00f4le de la protection des donn\u00e9es.<\/p><h3>Exactitude des donn\u00e9es, mise \u00e0 jour des donn\u00e9es.<\/h3><p>L&rsquo;utilisateur doit remplir les formulaires avec des donn\u00e9es r\u00e9elles, exactes, compl\u00e8tes et actualis\u00e9es. L&rsquo;utilisateur ne doit pas saisir de donn\u00e9es concernant d&rsquo;autres personnes ; la VIAP UNIGLOBE pr\u00e9sume que les donn\u00e9es ont \u00e9t\u00e9 saisies par la personne concern\u00e9e elle-m\u00eame. L&rsquo;utilisateur est seul responsable de toute perte ou dommage, caus\u00e9 directement ou indirectement \u00e0 une autre personne, r\u00e9sultant de la fourniture de donn\u00e9es fausses, inexactes, incompl\u00e8tes ou p\u00e9rim\u00e9es ou de donn\u00e9es se r\u00e9f\u00e9rant \u00e0 une autre personne.<\/p><p>L&rsquo;utilisateur doit communiquer toute modification des donn\u00e9es fournies afin de les maintenir \u00e0 jour.<\/p><h3>S\u00e9curit\u00e9 de l&rsquo;information<\/h3><p>VIAP UNIGLOBE a pris toutes les mesures requises par la loi pour prot\u00e9ger les donn\u00e9es personnelles, et VIAP UNIGLOBE a pris toutes les mesures techniques disponibles pour pr\u00e9venir la perte de donn\u00e9es, l&rsquo;utilisation d\u00e9loyale, l&rsquo;alt\u00e9ration, l&rsquo;acc\u00e8s non autoris\u00e9 ou le vol de donn\u00e9es. Toutefois, l&rsquo;utilisateur doit savoir que les mesures de s\u00e9curit\u00e9 sur Internet ne sont pas totalement inviolables.<\/p><h3>Mineurs<\/h3><p>VIAP UNIGLOBE interdit l&rsquo;utilisation de ce site aux personnes de moins de 18 ans, \u00e0 moins que leurs parents ou tuteurs n&rsquo;aient donn\u00e9 leur consentement sp\u00e9cifique.<\/p><h3>Analyste de r\u00e9seau<\/h3><p>Ce site web met en \u0153uvre des analyses web pour mieux comprendre comment les utilisateurs recherchent, acc\u00e8dent et naviguent sur le site. Ces analyses peuvent impliquer la collecte de donn\u00e9es personnelles telles que l&rsquo;adresse IP de l&rsquo;utilisateur, le lieu de connexion, les caract\u00e9ristiques du logiciel et du mat\u00e9riel de navigation, etc. Ces informations ne sont pas associ\u00e9es \u00e0 l&rsquo;utilisateur et sont utilis\u00e9es exclusivement \u00e0 des fins d&rsquo;analyse statistique.<\/p><h3>Utilisation de fonctions et de plug-ins de tiers<\/h3><p>Ce site web peut mettre en \u0153uvre des fonctionnalit\u00e9s et des plug-ins fournis par des tiers. Ces fonctions servent \u00e0 des fins diverses, telles que : les analyses web de tiers ; les cartes de tiers ; le streaming vid\u00e9o de tiers ; le partage de m\u00e9dias sociaux ; les boutons \u00ab\u00a0Fav\u00a0\u00bb, \u00ab\u00a0Like\u00a0\u00bb, \u00ab\u00a0+1\u00a0\u00bb et similaires.<\/p><p>Une fonction ou un module compl\u00e9mentaire fourni par un tiers \u00e9tablit une connexion directe entre le navigateur de l&rsquo;utilisateur et les domaines Internet du tiers, ce qui permet de t\u00e9l\u00e9charger et d&rsquo;ex\u00e9cuter la fonction.<\/p><p>La plupart des plug-ins tiers collectent des informations sur les sites Web que vous visitez afin de conna\u00eetre vos int\u00e9r\u00eats et de vous proposer des publicit\u00e9s cibl\u00e9es.<\/p><h3>Utilisation de fonctionnalit\u00e9s fournies par Google, Inc.<\/h3><p>Ce site Web met en \u0153uvre des fonctionnalit\u00e9s fournies par Google Inc. (1600 AMPHITHEATER PARKWAY, MOUNTAIN VIEW, CALIFORNIE, \u00c9tats-Unis), telles que des vid\u00e9os YouTube, des cartes et des boutons sociaux \u00ab\u00a0+1\u00a0\u00bb. Ces fonctions peuvent impliquer la collecte de l&rsquo;activit\u00e9 de l&rsquo;utilisateur li\u00e9e \u00e0 votre adresse IP. Lorsque l&rsquo;utilisateur charge ce site web, le navigateur de l&rsquo;utilisateur se connecte aux domaines de Google tels que google.com, ce qui permet \u00e0 Google de savoir que l&rsquo;utilisateur acc\u00e8de au site web. Google collecte des donn\u00e9es d&rsquo;utilisation \u00e0 des fins diverses, notamment pour la diffusion d&rsquo;annonces cibl\u00e9es, conform\u00e9ment aux r\u00e8gles de confidentialit\u00e9 de Google http:\/\/www.google.es\/intl\/en\/policies\/privacy\/.<\/p><p>Le consentement de l&rsquo;utilisateur au traitement par Google est implicite dans l&rsquo;utilisation de ce site web.<\/p>\t\t\t\t\t\t\t\t<\/div>\n\t\t\t\t<\/div>\n\t\t\t\t\t<\/div>\n\t\t<\/div>\n\t\t\t\t\t<\/div>\n\t\t<\/section>\n\t\t\t\t<\/div>\n\t\t","protected":false},"excerpt":{"rendered":"<p>Politique de confidentialit\u00e9 L&rsquo;utilisation de ce site web et de ses formulaires implique l&rsquo;acceptation du traitement des donn\u00e9es des utilisateurs conform\u00e9ment \u00e0 la pr\u00e9sente politique de confidentialit\u00e9, y compris la collecte de donn\u00e9es de connexion et la fourniture d&rsquo;informations commerciales par voie \u00e9lectronique. Responsable du traitement des donn\u00e9es et informations de contact Le responsable du [&hellip;]<\/p>\n","protected":false},"author":1,"featured_media":0,"parent":0,"menu_order":0,"comment_status":"closed","ping_status":"closed","template":"","meta":{"footnotes":""},"class_list":["post-683","page","type-page","status-publish","hentry"],"acf":[],"yoast_head":"<!-- This site is optimized with the Yoast SEO plugin v27.5 - https:\/\/yoast.com\/product\/yoast-seo-wordpress\/ -->\n<title>Politique de confidentialit\u00e9 - Viap Travel<\/title>\n<meta name=\"robots\" content=\"index, follow, max-snippet:-1, max-image-preview:large, max-video-preview:-1\" \/>\n<link rel=\"canonical\" href=\"https:\/\/www.viap.es\/fr\/politique-de-confidentialite\/\" \/>\n<meta property=\"og:locale\" content=\"fr_FR\" \/>\n<meta property=\"og:type\" content=\"article\" \/>\n<meta property=\"og:title\" content=\"Politique de confidentialit\u00e9 - Viap Travel\" \/>\n<meta property=\"og:description\" content=\"Politique de confidentialit\u00e9 L&rsquo;utilisation de ce site web et de ses formulaires implique l&rsquo;acceptation du traitement des donn\u00e9es des utilisateurs conform\u00e9ment \u00e0 la pr\u00e9sente politique de confidentialit\u00e9, y compris la collecte de donn\u00e9es de connexion et la fourniture d&rsquo;informations commerciales par voie \u00e9lectronique. Responsable du traitement des donn\u00e9es et informations de contact Le responsable du [&hellip;]\" \/>\n<meta property=\"og:url\" content=\"https:\/\/www.viap.es\/fr\/politique-de-confidentialite\/\" \/>\n<meta property=\"og:site_name\" content=\"Viap Travel\" \/>\n<meta property=\"article:modified_time\" content=\"2024-11-19T14:37:49+00:00\" \/>\n<meta name=\"twitter:card\" content=\"summary_large_image\" \/>\n<meta name=\"twitter:label1\" content=\"Dur\u00e9e de lecture estim\u00e9e\" \/>\n\t<meta name=\"twitter:data1\" content=\"5 minutes\" \/>\n<script type=\"application\/ld+json\" class=\"yoast-schema-graph\">{\"@context\":\"https:\\\/\\\/schema.org\",\"@graph\":[{\"@type\":\"WebPage\",\"@id\":\"https:\\\/\\\/www.viap.es\\\/fr\\\/politique-de-confidentialite\\\/\",\"url\":\"https:\\\/\\\/www.viap.es\\\/fr\\\/politique-de-confidentialite\\\/\",\"name\":\"Politique de confidentialit\u00e9 - Viap Travel\",\"isPartOf\":{\"@id\":\"https:\\\/\\\/www.viap.es\\\/fr\\\/#website\"},\"datePublished\":\"2022-06-30T05:17:48+00:00\",\"dateModified\":\"2024-11-19T14:37:49+00:00\",\"breadcrumb\":{\"@id\":\"https:\\\/\\\/www.viap.es\\\/fr\\\/politique-de-confidentialite\\\/#breadcrumb\"},\"inLanguage\":\"fr-FR\",\"potentialAction\":[{\"@type\":\"ReadAction\",\"target\":[\"https:\\\/\\\/www.viap.es\\\/fr\\\/politique-de-confidentialite\\\/\"]}]},{\"@type\":\"BreadcrumbList\",\"@id\":\"https:\\\/\\\/www.viap.es\\\/fr\\\/politique-de-confidentialite\\\/#breadcrumb\",\"itemListElement\":[{\"@type\":\"ListItem\",\"position\":1,\"name\":\"Portada\",\"item\":\"https:\\\/\\\/www.viap.es\\\/fr\\\/\"},{\"@type\":\"ListItem\",\"position\":2,\"name\":\"Politique de confidentialit\u00e9\"}]},{\"@type\":\"WebSite\",\"@id\":\"https:\\\/\\\/www.viap.es\\\/fr\\\/#website\",\"url\":\"https:\\\/\\\/www.viap.es\\\/fr\\\/\",\"name\":\"Viap Travel\",\"description\":\"Viap Travel\",\"publisher\":{\"@id\":\"https:\\\/\\\/www.viap.es\\\/fr\\\/#organization\"},\"potentialAction\":[{\"@type\":\"SearchAction\",\"target\":{\"@type\":\"EntryPoint\",\"urlTemplate\":\"https:\\\/\\\/www.viap.es\\\/fr\\\/?s={search_term_string}\"},\"query-input\":{\"@type\":\"PropertyValueSpecification\",\"valueRequired\":true,\"valueName\":\"search_term_string\"}}],\"inLanguage\":\"fr-FR\"},{\"@type\":\"Organization\",\"@id\":\"https:\\\/\\\/www.viap.es\\\/fr\\\/#organization\",\"name\":\"Viap Travel\",\"url\":\"https:\\\/\\\/www.viap.es\\\/fr\\\/\",\"logo\":{\"@type\":\"ImageObject\",\"inLanguage\":\"fr-FR\",\"@id\":\"https:\\\/\\\/www.viap.es\\\/fr\\\/#\\\/schema\\\/logo\\\/image\\\/\",\"url\":\"https:\\\/\\\/www.viap.es\\\/wp-content\\\/uploads\\\/2022\\\/06\\\/logo.png\",\"contentUrl\":\"https:\\\/\\\/www.viap.es\\\/wp-content\\\/uploads\\\/2022\\\/06\\\/logo.png\",\"width\":263,\"height\":48,\"caption\":\"Viap Travel\"},\"image\":{\"@id\":\"https:\\\/\\\/www.viap.es\\\/fr\\\/#\\\/schema\\\/logo\\\/image\\\/\"}}]}<\/script>\n<!-- \/ Yoast SEO plugin. -->","yoast_head_json":{"title":"Politique de confidentialit\u00e9 - Viap Travel","robots":{"index":"index","follow":"follow","max-snippet":"max-snippet:-1","max-image-preview":"max-image-preview:large","max-video-preview":"max-video-preview:-1"},"canonical":"https:\/\/www.viap.es\/fr\/politique-de-confidentialite\/","og_locale":"fr_FR","og_type":"article","og_title":"Politique de confidentialit\u00e9 - Viap Travel","og_description":"Politique de confidentialit\u00e9 L&rsquo;utilisation de ce site web et de ses formulaires implique l&rsquo;acceptation du traitement des donn\u00e9es des utilisateurs conform\u00e9ment \u00e0 la pr\u00e9sente politique de confidentialit\u00e9, y compris la collecte de donn\u00e9es de connexion et la fourniture d&rsquo;informations commerciales par voie \u00e9lectronique. Responsable du traitement des donn\u00e9es et informations de contact Le responsable du [&hellip;]","og_url":"https:\/\/www.viap.es\/fr\/politique-de-confidentialite\/","og_site_name":"Viap Travel","article_modified_time":"2024-11-19T14:37:49+00:00","twitter_card":"summary_large_image","twitter_misc":{"Dur\u00e9e de lecture estim\u00e9e":"5 minutes"},"schema":{"@context":"https:\/\/schema.org","@graph":[{"@type":"WebPage","@id":"https:\/\/www.viap.es\/fr\/politique-de-confidentialite\/","url":"https:\/\/www.viap.es\/fr\/politique-de-confidentialite\/","name":"Politique de confidentialit\u00e9 - Viap Travel","isPartOf":{"@id":"https:\/\/www.viap.es\/fr\/#website"},"datePublished":"2022-06-30T05:17:48+00:00","dateModified":"2024-11-19T14:37:49+00:00","breadcrumb":{"@id":"https:\/\/www.viap.es\/fr\/politique-de-confidentialite\/#breadcrumb"},"inLanguage":"fr-FR","potentialAction":[{"@type":"ReadAction","target":["https:\/\/www.viap.es\/fr\/politique-de-confidentialite\/"]}]},{"@type":"BreadcrumbList","@id":"https:\/\/www.viap.es\/fr\/politique-de-confidentialite\/#breadcrumb","itemListElement":[{"@type":"ListItem","position":1,"name":"Portada","item":"https:\/\/www.viap.es\/fr\/"},{"@type":"ListItem","position":2,"name":"Politique de confidentialit\u00e9"}]},{"@type":"WebSite","@id":"https:\/\/www.viap.es\/fr\/#website","url":"https:\/\/www.viap.es\/fr\/","name":"Viap Travel","description":"Viap Travel","publisher":{"@id":"https:\/\/www.viap.es\/fr\/#organization"},"potentialAction":[{"@type":"SearchAction","target":{"@type":"EntryPoint","urlTemplate":"https:\/\/www.viap.es\/fr\/?s={search_term_string}"},"query-input":{"@type":"PropertyValueSpecification","valueRequired":true,"valueName":"search_term_string"}}],"inLanguage":"fr-FR"},{"@type":"Organization","@id":"https:\/\/www.viap.es\/fr\/#organization","name":"Viap Travel","url":"https:\/\/www.viap.es\/fr\/","logo":{"@type":"ImageObject","inLanguage":"fr-FR","@id":"https:\/\/www.viap.es\/fr\/#\/schema\/logo\/image\/","url":"https:\/\/www.viap.es\/wp-content\/uploads\/2022\/06\/logo.png","contentUrl":"https:\/\/www.viap.es\/wp-content\/uploads\/2022\/06\/logo.png","width":263,"height":48,"caption":"Viap Travel"},"image":{"@id":"https:\/\/www.viap.es\/fr\/#\/schema\/logo\/image\/"}}]}},"_links":{"self":[{"href":"https:\/\/www.viap.es\/fr\/wp-json\/wp\/v2\/pages\/683","targetHints":{"allow":["GET"]}}],"collection":[{"href":"https:\/\/www.viap.es\/fr\/wp-json\/wp\/v2\/pages"}],"about":[{"href":"https:\/\/www.viap.es\/fr\/wp-json\/wp\/v2\/types\/page"}],"author":[{"embeddable":true,"href":"https:\/\/www.viap.es\/fr\/wp-json\/wp\/v2\/users\/1"}],"replies":[{"embeddable":true,"href":"https:\/\/www.viap.es\/fr\/wp-json\/wp\/v2\/comments?post=683"}],"version-history":[{"count":3,"href":"https:\/\/www.viap.es\/fr\/wp-json\/wp\/v2\/pages\/683\/revisions"}],"predecessor-version":[{"id":11489,"href":"https:\/\/www.viap.es\/fr\/wp-json\/wp\/v2\/pages\/683\/revisions\/11489"}],"wp:attachment":[{"href":"https:\/\/www.viap.es\/fr\/wp-json\/wp\/v2\/media?parent=683"}],"curies":[{"name":"wp","href":"https:\/\/api.w.org\/{rel}","templated":true}]}}